{"id":2582,"date":"2021-07-27T12:33:26","date_gmt":"2021-07-27T10:33:26","guid":{"rendered":"https:\/\/froccs.hu\/useful-information\/about-us\/"},"modified":"2022-06-15T14:27:47","modified_gmt":"2022-06-15T12:27:47","slug":"about-us","status":"publish","type":"page","link":"https:\/\/froccs.hu\/en\/useful-information\/about-us\/","title":{"rendered":"About us"},"content":{"rendered":"\t\t<div data-elementor-type=\"wp-page\" data-elementor-id=\"2582\" class=\"elementor elementor-2582 elementor-1616\">\n\t\t\t\t\t\t\t\t\t<section class=\"has_eae_slider elementor-section elementor-top-section elementor-element elementor-element-7959e02 elementor-section-boxed elementor-section-height-default elementor-section-height-default\" data-id=\"7959e02\" data-element_type=\"section\">\n\t\t\t\t\t\t<div class=\"elementor-container elementor-column-gap-default\">\n\t\t\t\t\t<div class=\"has_eae_slider elementor-column elementor-col-50 elementor-top-column elementor-element elementor-element-47a679d\" data-id=\"47a679d\" data-element_type=\"column\">\n\t\t\t<div class=\"elementor-widget-wrap elementor-element-populated\">\n\t\t\t\t\t\t\t\t<section class=\"has_eae_slider elementor-section elementor-inner-section elementor-element elementor-element-3b2c8c0 elementor-section-height-min-height elementor-section-boxed elementor-section-height-default\" data-dce-background-overlay-color=\"#0571B9C2\" data-dce-background-image-url=\"https:\/\/froccs.hu\/wp-content\/uploads\/2021\/05\/vadvizi-kenu-9.jpeg\" data-id=\"3b2c8c0\" data-element_type=\"section\" data-settings=\"{&quot;background_background&quot;:&quot;classic&quot;}\">\n\t\t\t\t\t\t\t<div class=\"elementor-background-overlay\"><\/div>\n\t\t\t\t\t\t\t<div class=\"elementor-container elementor-column-gap-default\">\n\t\t\t\t\t<div class=\"has_eae_slider elementor-column elementor-col-100 elementor-inner-column elementor-element elementor-element-f4b5d91\" data-id=\"f4b5d91\" data-element_type=\"column\">\n\t\t\t<div class=\"elementor-widget-wrap elementor-element-populated\">\n\t\t\t\t\t\t\t\t<div class=\"elementor-element elementor-element-84fcd43 elementor-widget elementor-widget-heading\" data-id=\"84fcd43\" data-element_type=\"widget\" data-widget_type=\"heading.default\">\n\t\t\t\t<div class=\"elementor-widget-container\">\n\t\t\t<h1 class=\"elementor-heading-title elementor-size-default\">About us<\/h1>\t\t<\/div>\n\t\t\t\t<\/div>\n\t\t\t\t\t<\/div>\n\t\t<\/div>\n\t\t\t\t\t\t\t<\/div>\n\t\t<\/section>\n\t\t\t\t<div class=\"elementor-element elementor-element-e8f644f elementor-headline--style-highlight elementor-widget elementor-widget-animated-headline\" data-id=\"e8f644f\" data-element_type=\"widget\" data-settings=\"{&quot;marker&quot;:&quot;underline&quot;,&quot;highlighted_text&quot;:&quot; Fr\\u00f6ccs?&quot;,&quot;headline_style&quot;:&quot;highlight&quot;,&quot;loop&quot;:&quot;yes&quot;,&quot;highlight_animation_duration&quot;:1200,&quot;highlight_iteration_delay&quot;:8000}\" data-widget_type=\"animated-headline.default\">\n\t\t\t\t<div class=\"elementor-widget-container\">\n\t\t\t\t\t<h2 class=\"elementor-headline\">\n\t\t\t\t\t<span class=\"elementor-headline-plain-text elementor-headline-text-wrapper\">What is<\/span>\n\t\t\t\t<span class=\"elementor-headline-dynamic-wrapper elementor-headline-text-wrapper\">\n\t\t\t\t\t<span class=\"elementor-headline-dynamic-text elementor-headline-text-active\"> Fr\u00f6ccs?<\/span>\n\t\t\t\t<\/span>\n\t\t\t\t<\/h2>\n\t\t\t\t<\/div>\n\t\t\t\t<\/div>\n\t\t\t\t<div class=\"elementor-element elementor-element-35cda3b elementor-widget elementor-widget-text-editor\" data-id=\"35cda3b\" data-element_type=\"widget\" data-widget_type=\"text-editor.default\">\n\t\t\t\t<div class=\"elementor-widget-container\">\n\t\t\t\t\t\t\t<p>The word <strong>Froccs<\/strong>has now became an expression all by itself. Ask anyone who knows us. What will they tell you? \u201cOh I know&#8230;that funny group\u2026\u201d With us you don&#8217;t have to be afraid, no stress, no panic! Only good vibes, beautiful surroundings, a sometimes quite, sometimes loud river, rapids, rocks and friends.<\/p>\n<p>The members of our small team are throwing themselves with great enthusiasm and experience &#8211; and we hope &#8211; our guests into the \u201cdeep water\u201d as well. Our Whitewater club has been in business since 1997, and has been organizing tours from every april to october. Our guide team is expanding every year.<\/p>\n<p>Currently we have 14 experienced and fun-loving guides who are eagerly waiting for you. Our primary program location is Slovenia, in particular the unmistakable river Soca which colors are playing in green and blue.<\/p>\n<p>If you stay with us, you can learn the basics of white water rafting, and experience the thrills of mountains-valleys-white waters. The natural beauty of Europe\u2019s most exciting rowing mountain river. Over the years, our hundreds of returning passengers prove that the best decision is to try this exciting sport with us during an unforgettable weekend.<\/p>\n\t\t\t\t\t\t<\/div>\n\t\t\t\t<\/div>\n\t\t\t\t\t<\/div>\n\t\t<\/div>\n\t\t\t\t<div class=\"has_eae_slider elementor-column elementor-col-50 elementor-top-column elementor-element elementor-element-c34adb7\" data-id=\"c34adb7\" data-element_type=\"column\">\n\t\t\t<div class=\"elementor-widget-wrap elementor-element-populated\">\n\t\t\t\t\t\t\t\t<div class=\"elementor-element elementor-element-1dee7b0 elementor-widget__width-inherit elementor-widget elementor-widget-html\" data-id=\"1dee7b0\" data-element_type=\"widget\" data-widget_type=\"html.default\">\n\t\t\t\t<div class=\"elementor-widget-container\">\n\t\t\t<div class=\"szepkartya\">\n    <img decoding=\"async\" style=\"margin-top:-50px\" src=\"https:\/\/froccs.hu\/wp-content\/uploads\/2021\/05\/szep-kartya-elfogadas.png\" alt=\"SZ\u00c9P k\u00e1rtya elfogad\u00f3hely\">\n    <h6>We accept Sz\u00e9chenyi Pihen\u0151k\u00e1rtya<\/h6>\n<\/div>\t\t<\/div>\n\t\t\t\t<\/div>\n\t\t\t\t<div class=\"elementor-element elementor-element-83632a3 elementor-widget__width-auto elementor-widget elementor-widget-shortcode\" data-id=\"83632a3\" data-element_type=\"widget\" data-widget_type=\"shortcode.default\">\n\t\t\t\t<div class=\"elementor-widget-container\">\n\t\t\t\t\t<div class=\"elementor-shortcode\"><div class=\"ti-widget ti-no-profile-img ti-trip\" data-layout-id=\"23\" data-set-id=\"drop-shadow\" data-pid=\"b5167179c03e50ec942cb\" > <div class=\"ti-widget-container\"> <a href=\"#popup\" class=\"ti-header source-Tripadvisor\" data-subcontent=\"1\" data-subcontent-target=\".ti-popup-widget\" > <div class=\"ti-profile-img\"> <img decoding=\"async\" src=\"https:\/\/media-cdn.tripadvisor.com\/media\/photo-s\/13\/0a\/a3\/25\/rafting-trip-on-the-soca.jpg\" alt=\"Froccs Rafting Club\" \/> <\/div> <div class=\"ti-profile-details\"> <div class=\"ti-name\"> Froccs Rafting Club<\/div> <span class=\"ti-stars\"><span class=\"ti-star f\"><\/span><span class=\"ti-star f\"><\/span><span class=\"ti-star f\"><\/span><span class=\"ti-star f\"><\/span><span class=\"ti-star f\"><\/span><\/span> <div class=\"ti-rating-text\"> <span class=\"nowrap\"><span class=\"underline\">1164 Tripadvisor \u00e9rt\u00e9kel\u00e9s<\/span><\/span> <\/div> <\/div> <\/a> <\/div> <div class=\"ti-popup-widget\"> <div class=\"ti-widget-container\"> <div class=\"ti-header-wrapper\"> <div class=\"ti-header source-Tripadvisor\"> <a href=\"#\" class=\"ti-close-lg\"><\/a> <div class=\"ti-profile-img\"> <img decoding=\"async\" src=\"https:\/\/media-cdn.tripadvisor.com\/media\/photo-s\/13\/0a\/a3\/25\/rafting-trip-on-the-soca.jpg\" alt=\"Froccs Rafting Club\" \/> <\/div> <div class=\"ti-profile-details\"> <div class=\"ti-name\"> Froccs Rafting Club<\/div> <span class=\"ti-stars\"><span class=\"ti-star f\"><\/span><span class=\"ti-star f\"><\/span><span class=\"ti-star f\"><\/span><span class=\"ti-star f\"><\/span><span class=\"ti-star f\"><\/span><\/span> <div class=\"ti-rating-text\"> <span class=\"nowrap\"><strong>1164 Tripadvisor \u00e9rt\u00e9kel\u00e9s<\/strong><\/span> <\/div> <\/div> <\/div> <\/div> <div class=\"ti-reviews-container\"> <div class=\"ti-reviews-container-wrapper\">  <div data-empty=\"0\" class=\"ti-review-item source-Tripadvisor\" > <div class=\"ti-inner\"> <div class=\"ti-review-header\">  <div class=\"ti-profile-details\"> <div class=\"ti-name\"> Anita J <\/div> <div class=\"ti-date\">2022-10-08<\/div> <\/div> <\/div> <span class=\"ti-stars\"><span class=\"ti-star f\"><\/span><span class=\"ti-star f\"><\/span><span class=\"ti-star f\"><\/span><span class=\"ti-star f\"><\/span><span class=\"ti-star f\"><\/span><\/span> <div class=\"ti-review-content\"> <div class=\"ti-inner\"> <!-- R-CONTENT --><strong>-<\/strong>\nZseni\u00e1lis \u00e9lm\u00e9ny \u00e9s mellette nagyon sz\u00f3rakoztat\u00f3, h\u00e1la M\u00e1t\u00e9nak, mindkett\u0151nek \ud83d\ude42 ne f\u00e9ljen senki kipr\u00f3b\u00e1lni!<!-- R-CONTENT --> <\/div> <span class=\"ti-read-more\">Olvass tov\u00e1bb<\/span> <\/div> <\/div> <\/div>  <div data-empty=\"0\" class=\"ti-review-item source-Tripadvisor\" > <div class=\"ti-inner\"> <div class=\"ti-review-header\">  <div class=\"ti-profile-details\"> <div class=\"ti-name\"> Rita J <\/div> <div class=\"ti-date\">2022-10-08<\/div> <\/div> <\/div> <span class=\"ti-stars\"><span class=\"ti-star f\"><\/span><span class=\"ti-star f\"><\/span><span class=\"ti-star f\"><\/span><span class=\"ti-star f\"><\/span><span class=\"ti-star f\"><\/span><\/span> <div class=\"ti-review-content\"> <div class=\"ti-inner\"> <!-- R-CONTENT --><strong>szuper<\/strong>\nSzuper volt, Nagyon kedvesek \u00e9s j\u00f3fejek a sr\u00e1cok is \ud83d\ude42\nNagyon j\u00f3l \u00e9rezt\u00fck magunkat, aj\u00e1nlom mindenkinek.<!-- R-CONTENT --> <\/div> <span class=\"ti-read-more\">Olvass tov\u00e1bb<\/span> <\/div> <\/div> <\/div>  <div data-empty=\"0\" class=\"ti-review-item source-Tripadvisor\" > <div class=\"ti-inner\"> <div class=\"ti-review-header\">  <div class=\"ti-profile-details\"> <div class=\"ti-name\"> Erika N <\/div> <div class=\"ti-date\">2022-10-08<\/div> <\/div> <\/div> <span class=\"ti-stars\"><span class=\"ti-star f\"><\/span><span class=\"ti-star f\"><\/span><span class=\"ti-star f\"><\/span><span class=\"ti-star f\"><\/span><span class=\"ti-star f\"><\/span><\/span> <div class=\"ti-review-content\"> <div class=\"ti-inner\"> <!-- R-CONTENT --><strong>Fr\u00f6ccs<\/strong>\nAz elej\u00e9n kiss\u00e9 f\u00e9ltem, de az els\u0151 borul\u00e1s ut\u00e1n felengedtem. \ud83d\ude42 nagyon j\u00f3 \u00e9lm\u00e9ny volt, b\u00e1rmikor sz\u00edvesen menn\u00e9k \u00fajra \ud83d\ude42<!-- R-CONTENT --> <\/div> <span class=\"ti-read-more\">Olvass tov\u00e1bb<\/span> <\/div> <\/div> <\/div>  <div data-empty=\"0\" class=\"ti-review-item source-Tripadvisor\" > <div class=\"ti-inner\"> <div class=\"ti-review-header\">  <div class=\"ti-profile-details\"> <div class=\"ti-name\"> D\u00e1niel M <\/div> <div class=\"ti-date\">2022-10-08<\/div> <\/div> <\/div> <span class=\"ti-stars\"><span class=\"ti-star f\"><\/span><span class=\"ti-star f\"><\/span><span class=\"ti-star f\"><\/span><span class=\"ti-star f\"><\/span><span class=\"ti-star f\"><\/span><\/span> <div class=\"ti-review-content\"> <div class=\"ti-inner\"> <!-- R-CONTENT --><strong>5 csillag<\/strong>\nNagyon szuper volt!Remek vezet\u00e9ssel \nMindenkinek aj\u00e1nlom!No1\nNagyon aranyosak \u00e9s seg\u00edt\u0151k\u00e9szek a sr\u00e1cok!<!-- R-CONTENT --> <\/div> <span class=\"ti-read-more\">Olvass tov\u00e1bb<\/span> <\/div> <\/div> <\/div>  <div data-empty=\"0\" class=\"ti-review-item source-Tripadvisor\" > <div class=\"ti-inner\"> <div class=\"ti-review-header\">  <div class=\"ti-profile-details\"> <div class=\"ti-name\"> Gabriella K <\/div> <div class=\"ti-date\">2022-10-08<\/div> <\/div> <\/div> <span class=\"ti-stars\"><span class=\"ti-star f\"><\/span><span class=\"ti-star f\"><\/span><span class=\"ti-star f\"><\/span><span class=\"ti-star f\"><\/span><span class=\"ti-star f\"><\/span><\/span> <div class=\"ti-review-content\"> <div class=\"ti-inner\"> <!-- R-CONTENT --><strong>Szuper \u00e9lm\u00e9ny<\/strong>\nSzuper\u00fcl \u00e9rezt\u00fck magunkat,gy\u00f6ny\u00f6r\u0171 t\u00e1j,krist\u00e1lytiszta v\u00edz.M\u00e1t\u00e9\u00e9k nagyon j\u00f3fejek \u00e9s k\u00f6nnyen bomb\u00e1n minket.Mindenkinek k\u00f6telez\u0151 program\u263a\ufe0f\u263a\ufe0f Mindenk\u00e9ppen visszat\u00e9r\u00fcnk m\u00e9g!<!-- R-CONTENT --> <\/div> <span class=\"ti-read-more\">Olvass tov\u00e1bb<\/span> <\/div> <\/div> <\/div>  <div data-empty=\"0\" class=\"ti-review-item source-Tripadvisor\" > <div class=\"ti-inner\"> <div class=\"ti-review-header\">  <div class=\"ti-profile-details\"> <div class=\"ti-name\"> Charlotte S <\/div> <div class=\"ti-date\">2022-10-07<\/div> <\/div> <\/div> <span class=\"ti-stars\"><span class=\"ti-star f\"><\/span><span class=\"ti-star f\"><\/span><span class=\"ti-star f\"><\/span><span class=\"ti-star f\"><\/span><span class=\"ti-star f\"><\/span><\/span> <div class=\"ti-review-content\"> <div class=\"ti-inner\"> <!-- R-CONTENT --><strong>Best Trip ever!<\/strong>\nBest Trip ever! Matti was super nice and explained everything really well and manouvered us through the currents. We were able to go down a selfmade slide into the river, visited the \u201estream of youth\u201c and took awesome pictures! We will definitely come back!<!-- R-CONTENT --> <\/div> <span class=\"ti-read-more\">Olvass tov\u00e1bb<\/span> <\/div> <\/div> <\/div>  <div data-empty=\"0\" class=\"ti-review-item source-Tripadvisor\" > <div class=\"ti-inner\"> <div class=\"ti-review-header\">  <div class=\"ti-profile-details\"> <div class=\"ti-name\"> Zsolt <\/div> <div class=\"ti-date\">2022-10-01<\/div> <\/div> <\/div> <span class=\"ti-stars\"><span class=\"ti-star f\"><\/span><span class=\"ti-star f\"><\/span><span class=\"ti-star f\"><\/span><span class=\"ti-star f\"><\/span><span class=\"ti-star f\"><\/span><\/span> <div class=\"ti-review-content\"> <div class=\"ti-inner\"> <!-- R-CONTENT --><strong>Super<\/strong>\nSzuper csapat! Szuper \u00e9lm\u00e9ny! Szuper szervez\u00e9s! Mindenkinek nagyon aj\u00e1nlom. Gy\u00f6ny\u00f6r\u0171 k\u00f6rnyezet. Visszajovunk!;)<!-- R-CONTENT --> <\/div> <span class=\"ti-read-more\">Olvass tov\u00e1bb<\/span> <\/div> <\/div> <\/div>  <div data-empty=\"0\" class=\"ti-review-item source-Tripadvisor\" > <div class=\"ti-inner\"> <div class=\"ti-review-header\">  <div class=\"ti-profile-details\"> <div class=\"ti-name\"> David <\/div> <div class=\"ti-date\">2022-10-01<\/div> <\/div> <\/div> <span class=\"ti-stars\"><span class=\"ti-star f\"><\/span><span class=\"ti-star f\"><\/span><span class=\"ti-star f\"><\/span><span class=\"ti-star f\"><\/span><span class=\"ti-star f\"><\/span><\/span> <div class=\"ti-review-content\"> <div class=\"ti-inner\"> <!-- R-CONTENT --><strong>Froccs.hu is great<\/strong>\nAmazing team, funny and highly knowledgable. I came here for the second time 10\/10 highly recommend to anyone who would like to try themselves out in rafting, canyoning or any other sports activity they provide<!-- R-CONTENT --> <\/div> <span class=\"ti-read-more\">Olvass tov\u00e1bb<\/span> <\/div> <\/div> <\/div>  <div data-empty=\"0\" class=\"ti-review-item source-Tripadvisor\" > <div class=\"ti-inner\"> <div class=\"ti-review-header\">  <div class=\"ti-profile-details\"> <div class=\"ti-name\"> Gergely K <\/div> <div class=\"ti-date\">2022-09-30<\/div> <\/div> <\/div> <span class=\"ti-stars\"><span class=\"ti-star f\"><\/span><span class=\"ti-star f\"><\/span><span class=\"ti-star f\"><\/span><span class=\"ti-star f\"><\/span><span class=\"ti-star f\"><\/span><\/span> <div class=\"ti-review-content\"> <div class=\"ti-inner\"> <!-- R-CONTENT --><strong>Legjobb v\u00e1laszt\u00e1s<\/strong>\nFantasztikus volt. Nagyon felk\u00e9sz\u00fcltek voltak a t\u00faravezet\u0151k, j\u00f3 hangulatban telt az eg\u00e9sz. Mindenkinek aj\u00e1nlom<!-- R-CONTENT --> <\/div> <span class=\"ti-read-more\">Olvass tov\u00e1bb<\/span> <\/div> <\/div> <\/div>  <div data-empty=\"0\" class=\"ti-review-item source-Tripadvisor\" > <div class=\"ti-inner\"> <div class=\"ti-review-header\">  <div class=\"ti-profile-details\"> <div class=\"ti-name\"> Fadden <\/div> <div class=\"ti-date\">2022-09-26<\/div> <\/div> <\/div> <span class=\"ti-stars\"><span class=\"ti-star f\"><\/span><span class=\"ti-star f\"><\/span><span class=\"ti-star f\"><\/span><span class=\"ti-star f\"><\/span><span class=\"ti-star f\"><\/span><\/span> <div class=\"ti-review-content\"> <div class=\"ti-inner\"> <!-- R-CONTENT --><strong>Beautiful place, professional tour<\/strong>\nFantastic experience, beautiful place!\n\nI honestly recommend to visit and try out.\nVery professional staff and tour guides!\n\nWe will definitely come back again.<!-- R-CONTENT --> <\/div> <span class=\"ti-read-more\">Olvass tov\u00e1bb<\/span> <\/div> <\/div> <\/div>  <\/div> <\/div> <\/div> <\/div> <\/div><\/div>\n\t\t\t\t<\/div>\n\t\t\t\t<\/div>\n\t\t\t\t<div class=\"elementor-element elementor-element-758697d elementor-widget elementor-widget-shortcode\" data-id=\"758697d\" data-element_type=\"widget\" data-widget_type=\"shortcode.default\">\n\t\t\t\t<div class=\"elementor-widget-container\">\n\t\t\t\t\t<div class=\"elementor-shortcode\"><div id=\"awe-ajax-awesome-weather-bovec\" class=\"awe-ajax-awesome-weather-bovec awe-weather-ajax-wrap\" style=\"\"><\/div><script type=\"text\/javascript\"> jQuery(document).ready(function() { awe_ajax_load({\"forecast_days\":\"hide\",\"units\":\"C\",\"loader\":\"false\",\"size\":\"micro\",\"custom_bg_color\":\"#fff\",\"inline_style\":\"width:255px;color:#000000!important;text-align:center;border-radius:5px;box-shadow: 1px 1px 7px 0px rgb(0 0 0 \\\/ 15%), 0px 0px 2px 0px rgb(0 0 0 \\\/ 5%);\",\"owm_city_id\":\"3203611\",\"location\":\"Bovec\",\"id\":\"awesome-weather-bovec\",\"ajaxurl\":\"https:\\\/\\\/froccs.hu\\\/wp-admin\\\/admin-ajax.php\",\"via_ajax\":1}); }); <\/script>\n<\/div>\n\t\t\t\t<\/div>\n\t\t\t\t<\/div>\n\t\t\t\t\t<\/div>\n\t\t<\/div>\n\t\t\t\t\t\t\t<\/div>\n\t\t<\/section>\n\t\t\t\t<section class=\"has_eae_slider elementor-section elementor-top-section elementor-element elementor-element-c080cb7 elementor-section-boxed elementor-section-height-default elementor-section-height-default\" data-id=\"c080cb7\" data-element_type=\"section\">\n\t\t\t\t\t\t<div class=\"elementor-container elementor-column-gap-default\">\n\t\t\t\t\t<div class=\"has_eae_slider elementor-column elementor-col-100 elementor-top-column elementor-element elementor-element-3a31cd1\" data-id=\"3a31cd1\" data-element_type=\"column\">\n\t\t\t<div class=\"elementor-widget-wrap\">\n\t\t\t\t\t\t\t\t\t<\/div>\n\t\t<\/div>\n\t\t\t\t\t\t\t<\/div>\n\t\t<\/section>\n\t\t\t\t\t\t\t<\/div>\n\t\t","protected":false},"excerpt":{"rendered":"<p>What is Fr\u00f6ccs? The word Froccshas now became an expression all by itself. Ask anyone who knows us. What will they tell you? \u201cOh I know&#8230;that funny group\u2026\u201d With us you don&#8217;t have to be afraid, no stress, no panic! Only good vibes, beautiful surroundings, a sometimes quite, sometimes loud river, rapids, rocks and friends. [&hellip;]<\/p>\n","protected":false},"author":2,"featured_media":0,"parent":2568,"menu_order":0,"comment_status":"closed","ping_status":"closed","template":"","meta":[],"acf":[],"_links":{"self":[{"href":"https:\/\/froccs.hu\/en\/wp-json\/wp\/v2\/pages\/2582"}],"collection":[{"href":"https:\/\/froccs.hu\/en\/wp-json\/wp\/v2\/pages"}],"about":[{"href":"https:\/\/froccs.hu\/en\/wp-json\/wp\/v2\/types\/page"}],"author":[{"embeddable":true,"href":"https:\/\/froccs.hu\/en\/wp-json\/wp\/v2\/users\/2"}],"replies":[{"embeddable":true,"href":"https:\/\/froccs.hu\/en\/wp-json\/wp\/v2\/comments?post=2582"}],"version-history":[{"count":11,"href":"https:\/\/froccs.hu\/en\/wp-json\/wp\/v2\/pages\/2582\/revisions"}],"predecessor-version":[{"id":3295,"href":"https:\/\/froccs.hu\/en\/wp-json\/wp\/v2\/pages\/2582\/revisions\/3295"}],"up":[{"embeddable":true,"href":"https:\/\/froccs.hu\/en\/wp-json\/wp\/v2\/pages\/2568"}],"wp:attachment":[{"href":"https:\/\/froccs.hu\/en\/wp-json\/wp\/v2\/media?parent=2582"}],"curies":[{"name":"wp","href":"https:\/\/api.w.org\/{rel}","templated":true}]}}