{"id":2590,"date":"2021-07-27T14:06:02","date_gmt":"2021-07-27T12:06:02","guid":{"rendered":"https:\/\/froccs.hu\/useful-information\/bovec-slovenia\/"},"modified":"2022-06-13T19:29:33","modified_gmt":"2022-06-13T17:29:33","slug":"bovec-slovenia","status":"publish","type":"page","link":"https:\/\/froccs.hu\/en\/useful-information\/bovec-slovenia\/","title":{"rendered":"Bovec, Slovenia"},"content":{"rendered":"\t\t<div data-elementor-type=\"wp-page\" data-elementor-id=\"2590\" class=\"elementor elementor-2590 elementor-2055\">\n\t\t\t\t\t\t\t\t\t<section class=\"has_eae_slider elementor-section elementor-top-section elementor-element elementor-element-d94759b elementor-section-height-min-height elementor-section-boxed elementor-section-height-default elementor-section-items-middle\" data-dce-background-image-url=\"https:\/\/froccs.hu\/wp-content\/uploads\/2021\/06\/extrem-csapatepites.jpg\" data-id=\"d94759b\" data-element_type=\"section\" data-settings=\"{&quot;background_background&quot;:&quot;classic&quot;}\">\n\t\t\t\t\t\t\t<div class=\"elementor-background-overlay\"><\/div>\n\t\t\t\t\t\t\t<div class=\"elementor-container elementor-column-gap-default\">\n\t\t\t\t\t<div class=\"has_eae_slider elementor-column elementor-col-100 elementor-top-column elementor-element elementor-element-67fa087\" data-id=\"67fa087\" data-element_type=\"column\">\n\t\t\t<div class=\"elementor-widget-wrap elementor-element-populated\">\n\t\t\t\t\t\t\t\t<div class=\"elementor-element elementor-element-3cb5270 elementor-widget elementor-widget-heading\" data-id=\"3cb5270\" data-element_type=\"widget\" data-widget_type=\"heading.default\">\n\t\t\t\t<div class=\"elementor-widget-container\">\n\t\t\t<h1 class=\"elementor-heading-title elementor-size-xxl\">Bovec, Slovenia<\/h1>\t\t<\/div>\n\t\t\t\t<\/div>\n\t\t\t\t<div class=\"elementor-element elementor-element-f1cba35 elementor-widget-divider--view-line elementor-widget elementor-widget-divider\" data-id=\"f1cba35\" data-element_type=\"widget\" data-widget_type=\"divider.default\">\n\t\t\t\t<div class=\"elementor-widget-container\">\n\t\t\t\t\t<div class=\"elementor-divider\">\n\t\t\t<span class=\"elementor-divider-separator\">\n\t\t\t\t\t\t<\/span>\n\t\t<\/div>\n\t\t\t\t<\/div>\n\t\t\t\t<\/div>\n\t\t\t\t\t<\/div>\n\t\t<\/div>\n\t\t\t\t\t\t\t<\/div>\n\t\t<\/section>\n\t\t\t\t<section class=\"has_eae_slider elementor-section elementor-top-section elementor-element elementor-element-0965808 elementor-section-boxed elementor-section-height-default elementor-section-height-default\" data-id=\"0965808\" data-element_type=\"section\">\n\t\t\t\t\t\t<div class=\"elementor-container elementor-column-gap-default\">\n\t\t\t\t\t<div class=\"has_eae_slider elementor-column elementor-col-100 elementor-top-column elementor-element elementor-element-5b10f9c\" data-id=\"5b10f9c\" data-element_type=\"column\">\n\t\t\t<div class=\"elementor-widget-wrap elementor-element-populated\">\n\t\t\t\t\t\t\t\t<div class=\"elementor-element elementor-element-881c6b0 elementor-widget elementor-widget-heading\" data-id=\"881c6b0\" data-element_type=\"widget\" data-widget_type=\"heading.default\">\n\t\t\t\t<div class=\"elementor-widget-container\">\n\t\t\t<h3 class=\"elementor-heading-title elementor-size-default\">Bovec and surrounding of the Soca river<\/h3>\t\t<\/div>\n\t\t\t\t<\/div>\n\t\t\t\t<section class=\"has_eae_slider elementor-section elementor-inner-section elementor-element elementor-element-3aa8550 elementor-section-boxed elementor-section-height-default elementor-section-height-default\" data-id=\"3aa8550\" data-element_type=\"section\">\n\t\t\t\t\t\t<div class=\"elementor-container elementor-column-gap-default\">\n\t\t\t\t\t<div class=\"has_eae_slider elementor-column elementor-col-50 elementor-inner-column elementor-element elementor-element-9c38f9b\" data-id=\"9c38f9b\" data-element_type=\"column\">\n\t\t\t<div class=\"elementor-widget-wrap elementor-element-populated\">\n\t\t\t\t\t\t\t\t<div class=\"elementor-element elementor-element-639b0d4 elementor-position-top elementor-vertical-align-top elementor-widget elementor-widget-image-box\" data-id=\"639b0d4\" data-element_type=\"widget\" data-widget_type=\"image-box.default\">\n\t\t\t\t<div class=\"elementor-widget-container\">\n\t\t\t<div class=\"elementor-image-box-wrapper\"><div class=\"elementor-image-box-content\"><h3 class=\"elementor-image-box-title\">Address of our base:<\/h3><p class=\"elementor-image-box-description\">Industrijska cona 4, Bovec<\/p><\/div><\/div>\t\t<\/div>\n\t\t\t\t<\/div>\n\t\t\t\t<div class=\"elementor-element elementor-element-6caa882 elementor-widget elementor-widget-image\" data-id=\"6caa882\" data-element_type=\"widget\" data-widget_type=\"image.default\">\n\t\t\t\t<div class=\"elementor-widget-container\">\n\t\t\t\t\t\t\t\t\t\t\t\t\t\t\t<img decoding=\"async\" width=\"640\" height=\"397\" src=\"https:\/\/froccs.hu\/wp-content\/uploads\/2021\/06\/bazis1.jpg\" class=\"attachment-large size-large\" alt=\"Fr\u00f6ccs Rafting Klub B\u00e1zis\" srcset=\"https:\/\/froccs.hu\/wp-content\/uploads\/2021\/06\/bazis1.jpg 640w, https:\/\/froccs.hu\/wp-content\/uploads\/2021\/06\/bazis1-300x186.jpg 300w\" sizes=\"(max-width: 640px) 100vw, 640px\" \/>\t\t\t\t\t\t\t\t\t\t\t\t\t\t\t<\/div>\n\t\t\t\t<\/div>\n\t\t\t\t\t<\/div>\n\t\t<\/div>\n\t\t\t\t<div class=\"has_eae_slider elementor-column elementor-col-50 elementor-inner-column elementor-element elementor-element-7d03fb9\" data-id=\"7d03fb9\" data-element_type=\"column\">\n\t\t\t<div class=\"elementor-widget-wrap elementor-element-populated\">\n\t\t\t\t\t\t\t\t<div class=\"elementor-element elementor-element-e22febb elementor-position-top elementor-vertical-align-top elementor-widget elementor-widget-image-box\" data-id=\"e22febb\" data-element_type=\"widget\" data-widget_type=\"image-box.default\">\n\t\t\t\t<div class=\"elementor-widget-container\">\n\t\t\t<div class=\"elementor-image-box-wrapper\"><div class=\"elementor-image-box-content\"><h3 class=\"elementor-image-box-title\">Address of our office:<\/h3><p class=\"elementor-image-box-description\">Trg golobarskih \u017ertev 38 5230 Bovec, Slovenia (the opposite side of the Tourist Info Center, on the main square of Bovec. Left hand side in the Rombon apartment house)\u200b<\/p><\/div><\/div>\t\t<\/div>\n\t\t\t\t<\/div>\n\t\t\t\t<div class=\"elementor-element elementor-element-786b8da elementor-widget elementor-widget-html\" data-id=\"786b8da\" data-element_type=\"widget\" data-widget_type=\"html.default\">\n\t\t\t\t<div class=\"elementor-widget-container\">\n\t\t\t<iframe src=\"https:\/\/www.google.com\/maps\/embed?pb=!4v1623742614762!6m8!1m7!1s5FmeO_Jc-u-Rsf01au51VQ!2m2!1d46.33812275273456!2d13.55301775148724!3f154.31!4f-3.450000000000003!5f0.7820865974627469\" width=\"100%\" height=\"336\" style=\"border:0;\" allowfullscreen=\"\" loading=\"lazy\"><\/iframe>\t\t<\/div>\n\t\t\t\t<\/div>\n\t\t\t\t\t<\/div>\n\t\t<\/div>\n\t\t\t\t\t\t\t<\/div>\n\t\t<\/section>\n\t\t\t\t\t<\/div>\n\t\t<\/div>\n\t\t\t\t\t\t\t<\/div>\n\t\t<\/section>\n\t\t\t\t<section class=\"has_eae_slider elementor-section elementor-top-section elementor-element elementor-element-3c51062 elementor-section-boxed elementor-section-height-default elementor-section-height-default\" data-id=\"3c51062\" data-element_type=\"section\">\n\t\t\t\t\t\t<div class=\"elementor-container elementor-column-gap-default\">\n\t\t\t\t\t<div class=\"has_eae_slider elementor-column elementor-col-100 elementor-top-column elementor-element elementor-element-5d6bdb1\" data-id=\"5d6bdb1\" data-element_type=\"column\">\n\t\t\t<div class=\"elementor-widget-wrap elementor-element-populated\">\n\t\t\t\t\t\t\t\t<section class=\"has_eae_slider elementor-section elementor-inner-section elementor-element elementor-element-9ca8287 elementor-section-boxed elementor-section-height-default elementor-section-height-default\" data-id=\"9ca8287\" data-element_type=\"section\">\n\t\t\t\t\t\t<div class=\"elementor-container elementor-column-gap-default\">\n\t\t\t\t\t<div class=\"has_eae_slider elementor-column elementor-col-100 elementor-inner-column elementor-element elementor-element-bb286be\" data-id=\"bb286be\" data-element_type=\"column\">\n\t\t\t<div class=\"elementor-widget-wrap elementor-element-populated\">\n\t\t\t\t\t\t\t\t<div class=\"elementor-element elementor-element-232b0cb elementor-widget elementor-widget-text-editor\" data-id=\"232b0cb\" data-element_type=\"widget\" data-widget_type=\"text-editor.default\">\n\t\t\t\t<div class=\"elementor-widget-container\">\n\t\t\t\t\t\t\t<p>The Soca Valley with all of its interesting places, apartments, river sections and routes from Budapest. You can use the navigation buttons in the upper left corner to zoom in and out on the map.<\/p>\n\t\t\t\t\t\t<\/div>\n\t\t\t\t<\/div>\n\t\t\t\t<div class=\"elementor-element elementor-element-95ec8f5 elementor-widget elementor-widget-html\" data-id=\"95ec8f5\" data-element_type=\"widget\" data-widget_type=\"html.default\">\n\t\t\t\t<div class=\"elementor-widget-container\">\n\t\t\t<iframe frameborder=\"0\" height=\"350\" marginheight=\"0\" marginwidth=\"0\" scrolling=\"no\" src=\"https:\/\/maps.google.com\/maps?f=q&amp;source=s_q&amp;hl=hu&amp;geocode=&amp;q=http:%2F%2Fwww.froccs.hu%2Fsites%2Fdefault%2Ffiles%2Fgoogle%2Fbp-bovec.kmz&amp;aq=&amp;sll=38.003386,-79.420925&amp;sspn=4.881846,10.821533&amp;ie=UTF8&amp;t=h&amp;ll=46.300932,13.550262&amp;spn=0.083017,0.145912&amp;z=12&amp;output=embed\" width=\"100%\"><\/iframe>\t\t<\/div>\n\t\t\t\t<\/div>\n\t\t\t\t\t<\/div>\n\t\t<\/div>\n\t\t\t\t\t\t\t<\/div>\n\t\t<\/section>\n\t\t\t\t<section class=\"has_eae_slider elementor-section elementor-inner-section elementor-element elementor-element-7f5430d elementor-section-boxed elementor-section-height-default elementor-section-height-default\" data-id=\"7f5430d\" data-element_type=\"section\" id=\"utvonalak\">\n\t\t\t\t\t\t<div class=\"elementor-container elementor-column-gap-default\">\n\t\t\t\t\t<div class=\"has_eae_slider elementor-column elementor-col-100 elementor-inner-column elementor-element elementor-element-a4b0bd9\" data-id=\"a4b0bd9\" data-element_type=\"column\">\n\t\t\t<div class=\"elementor-widget-wrap elementor-element-populated\">\n\t\t\t\t\t\t\t\t<div class=\"elementor-element elementor-element-e10c6e7 elementor-widget elementor-widget-heading\" data-id=\"e10c6e7\" data-element_type=\"widget\" data-widget_type=\"heading.default\">\n\t\t\t\t<div class=\"elementor-widget-container\">\n\t\t\t<h4 class=\"elementor-heading-title elementor-size-default\">Routes: Bp - Bovec:<\/h4>\t\t<\/div>\n\t\t\t\t<\/div>\n\t\t\t\t<div class=\"elementor-element elementor-element-8100639 elementor-widget elementor-widget-text-editor\" data-id=\"8100639\" data-element_type=\"widget\" data-widget_type=\"text-editor.default\">\n\t\t\t\t<div class=\"elementor-widget-container\">\n\t\t\t\t\t\t\t<table border=\"1\" width=\"100%\" cellspacing=\"1\" cellpadding=\"1\">\n<tbody>\n<tr>\n<td>Budapest &#8211; Bovec 4 options<\/td>\n<td>Google Earth<\/td>\n<td><a href=\"http:\/\/maps.google.com\/maps?q=http:%2F%2Ffroccs.hu%2Fsites%2Fdefault%2Ffiles%2Fgoogle%2Fbp-bovec.kmz&amp;hl=hu&amp;ll=47.107523,16.248779&amp;spn=3.918365,10.821533&amp;sll=38.003385,-79.420925&amp;sspn=4.535689,10.821533&amp;t=m&amp;z=7\" target=\"_blank\" rel=\"nofollow noopener\">Google Map<\/a><\/td>\n<td><a href=\"https:\/\/froccs.hu\/wp-content\/uploads\/2021\/06\/bp-bovec-google.jpg\" target=\"_blank\" rel=\"noopener\">K\u00e9p<\/a><\/td>\n<\/tr>\n<tr>\n<td><em>Fastest<\/em>: Bp (M7-M70-A5) &#8211; Maribor (A1) &#8211; Graz (A2,) -Tarvisio (SS54) &#8211; Bovec (3 motorway tickets required!)<\/td>\n<td>Google Earth<\/td>\n<td><a href=\"http:\/\/maps.google.hu\/maps?q=http:%2F%2Ffroccs.hu%2Fsites%2Fdefault%2Ffiles%2Fgoogle%2Fbp-maribor-graz-bovec.kmz&amp;hl=hu&amp;sll=47.161161,19.505383&amp;sspn=3.899573,10.821533&amp;t=m&amp;z=8\" target=\"_blank\" rel=\"nofollow noopener\">Google Map<\/a><\/td>\n<td><a href=\"https:\/\/froccs.hu\/wp-content\/uploads\/2021\/06\/bp-fehervar-bovec-google.jpg\" target=\"_blank\" rel=\"noopener\">K\u00e9p<\/a><\/td>\n<\/tr>\n<tr>\n<td>Bp (M7-M70-A5) &#8211; Maribor (A1, E57) &#8211; Ljubjana (A2, E61) &#8211; Kranj (A2) &#8211; Bled (A2, E61) &#8211; Jesenice (201) Take the Slovenian motorway here &#8211; Tarvisio (SS54) &#8211; Bovec 580 km<\/td>\n<td>Google Earth<\/td>\n<td><a href=\"http:\/\/maps.google.hu\/maps?q=http:%2F%2Ffroccs.hu%2Fsites%2Fdefault%2Ffiles%2Fgoogle%2Fbp-maribor-bovec.kmz&amp;hl=hu&amp;sll=46.888762,16.248772&amp;sspn=1.959611,5.410767&amp;t=m&amp;z=7\" target=\"_blank\" rel=\"nofollow noopener\">Google Map<\/a><\/td>\n<td><a href=\"https:\/\/froccs.hu\/wp-content\/uploads\/2021\/06\/bp-maribor-bovec-google.jpg\" target=\"_blank\" rel=\"noopener\">K\u00e9p<\/a><\/td>\n<\/tr>\n<tr>\n<td>Bp (M7) &#8211; Sz\u00e9kesfeh\u00e9rv\u00e1r (8) &#8211; R\u00e1baf\u00fczes (E66)- Graz (A2) &#8211; Klagenfurt (A2) &#8211; Villah (A2) &#8211; Tarvisio (SS54) &#8211; Bovec 560 km<\/td>\n<td>Google Earth<\/td>\n<td><a href=\"http:\/\/maps.google.hu\/maps?q=http:%2F%2Ffroccs.hu%2Fsites%2Fdefault%2Ffiles%2Fgoogle%2Fbp-fehervar-bovec.kmz&amp;hl=hu&amp;ll=47.040182,16.138916&amp;spn=3.90834,10.821533&amp;sll=46.829283,16.144415&amp;sspn=3.923689,10.821533&amp;t=m&amp;z=7\" target=\"_blank\" rel=\"nofollow noopener\">Google Map<\/a><\/td>\n<td><a href=\"https:\/\/froccs.hu\/wp-content\/uploads\/2021\/06\/bp-maribor-graz-bovec.jpg\" target=\"_blank\" rel=\"noopener\">K\u00e9p<\/a><\/td>\n<\/tr>\n<tr>\n<td>Bp (M1-A4) &#8211; Pandorf (50) &#8211; Eisenstadt (S31-S4-A2) vagy Schwechat (A4-S1-A2) &#8211; Graz (A2) &#8211; Klagenfurt- Villah- Tarvisio (SS54) &#8211; Bovec 610 km or 640 km<\/td>\n<td>Google Earth<\/td>\n<td><a href=\"http:\/\/maps.google.hu\/maps?q=http:%2F%2Ffroccs.hu%2Fsites%2Fdefault%2Ffiles%2Fgoogle%2Fbp-pandorf-bovec.kmz&amp;hl=hu&amp;ll=47.107523,16.402588&amp;spn=3.903409,10.821533&amp;sll=47.040182,16.138916&amp;sspn=3.90834,10.821533&amp;t=m&amp;z=7\" target=\"_blank\" rel=\"nofollow noopener\">Google Map<\/a><\/td>\n<td><a href=\"https:\/\/froccs.hu\/wp-content\/uploads\/2021\/06\/bp-pandorf-bovec-google.jpg\" target=\"_blank\" rel=\"noopener\">K\u00e9p<\/a><\/td>\n<\/tr>\n<\/tbody>\n<\/table>\n\t\t\t\t\t\t<\/div>\n\t\t\t\t<\/div>\n\t\t\t\t<div class=\"elementor-element elementor-element-5c59cde elementor-widget elementor-widget-heading\" data-id=\"5c59cde\" data-element_type=\"widget\" data-widget_type=\"heading.default\">\n\t\t\t\t<div class=\"elementor-widget-container\">\n\t\t\t<h5 class=\"elementor-heading-title elementor-size-default\">Highway tolls:<\/h5>\t\t<\/div>\n\t\t\t\t<\/div>\n\t\t\t\t\t<\/div>\n\t\t<\/div>\n\t\t\t\t\t\t\t<\/div>\n\t\t<\/section>\n\t\t\t\t<div class=\"elementor-element elementor-element-800c522 elementor-widget elementor-widget-text-editor\" data-id=\"800c522\" data-element_type=\"widget\" data-widget_type=\"text-editor.default\">\n\t\t\t\t<div class=\"elementor-widget-container\">\n\t\t\t\t\t\t\t<ul>\n<li>Hungary: 3.500 Ft (weekly), 4780 (monthly)<\/li>\n<li>Austria: 9,2 EUR (for 10 days), 26,8 EUR (for 2 months)<\/li>\n<li>Slovenia: 15 EUR (weekly), 30 EUR (monthly)<\/li>\n<\/ul>\n\t\t\t\t\t\t<\/div>\n\t\t\t\t<\/div>\n\t\t\t\t<section class=\"has_eae_slider elementor-section elementor-inner-section elementor-element elementor-element-bfe98c8 elementor-section-boxed elementor-section-height-default elementor-section-height-default\" data-id=\"bfe98c8\" data-element_type=\"section\" id=\"evezheto\">\n\t\t\t\t\t\t<div class=\"elementor-container elementor-column-gap-default\">\n\t\t\t\t\t<div class=\"has_eae_slider elementor-column elementor-col-100 elementor-inner-column elementor-element elementor-element-af6db78\" data-id=\"af6db78\" data-element_type=\"column\">\n\t\t\t<div class=\"elementor-widget-wrap elementor-element-populated\">\n\t\t\t\t\t\t\t\t<div class=\"elementor-element elementor-element-294d207 elementor-widget elementor-widget-heading\" data-id=\"294d207\" data-element_type=\"widget\" data-widget_type=\"heading.default\">\n\t\t\t\t<div class=\"elementor-widget-container\">\n\t\t\t<h4 class=\"elementor-heading-title elementor-size-default\">Rowing sections on the river Soca:<\/h4>\t\t<\/div>\n\t\t\t\t<\/div>\n\t\t\t\t<div class=\"elementor-element elementor-element-3c433b7 elementor-widget elementor-widget-text-editor\" data-id=\"3c433b7\" data-element_type=\"widget\" data-widget_type=\"text-editor.default\">\n\t\t\t\t<div class=\"elementor-widget-container\">\n\t\t\t\t\t\t\t<table border=\"1\" width=\"100%\" cellspacing=\"1\" cellpadding=\"1\">\n<tbody>\n<tr>\n<td><strong>Section<\/strong><\/td>\n<td><strong>Description<\/strong><\/td>\n<td>Google Earth<\/td>\n<td>Google Map<\/td>\n<td>Picture<\/td>\n<\/tr>\n<tr>\n<td>Bunkerji &#8211; Cezsoca<\/td>\n<td>WW II-IV. This is the upper section, where we usually paddle on Sundays until the village of Cezsoca<\/td>\n<td>Google Earth<\/td>\n<td><a href=\"http:\/\/maps.google.hu\/maps?q=http:%2F%2Ffroccs.hu%2Fsites%2Fdefault%2Ffiles%2Fgoogle%2Fsoca-felo-szakasz.kmz&amp;hl=hu&amp;ll=46.332232,13.587685&amp;spn=0.030936,0.084543&amp;sll=46.363988,13.583221&amp;sspn=0.247343,0.676346&amp;t=m&amp;z=14\" target=\"_blank\" rel=\"nofollow noopener\">Google Map<\/a><\/td>\n<td><a href=\"https:\/\/froccs.hu\/wp-content\/uploads\/2021\/06\/soca-felo-google.jpg\" target=\"_blank\" rel=\"noopener\">Picture<\/a><\/td>\n<\/tr>\n<tr>\n<td>Cezsoca -Srpenica<\/td>\n<td>At the flooding river resp. We paddle on it during a beginner kayak school. It is from our base to Spernica.<\/td>\n<td>Google Earth<\/td>\n<td><a href=\"http:\/\/maps.google.hu\/maps?q=http:%2F%2Ffroccs.hu%2Fsites%2Fdefault%2Ffiles%2Fgoogle%2Fcezsoca-sprenica.kmz&amp;hl=hu&amp;ll=46.315636,13.51799&amp;spn=0.06189,0.169086&amp;sll=46.332232,13.587685&amp;sspn=0.030936,0.084543&amp;t=m&amp;z=13\" target=\"_blank\" rel=\"nofollow noopener\">Google Map<\/a><\/td>\n<td><a href=\"https:\/\/froccs.hu\/wp-content\/uploads\/2021\/06\/cezsoca-sprenica-google.jpg\" target=\"_blank\" rel=\"noopener\">Picture<\/a><\/td>\n<\/tr>\n<tr>\n<td>Boka-Tronovo<\/td>\n<td>WW II-IV: This is the most common river section. It can be paddled with both rafting boats and canoes throughout the season. The location of the hydospeed and advanced kayak school<\/td>\n<td>Google Earth<\/td>\n<td><a href=\"http:\/\/maps.google.hu\/maps?q=http:%2F%2Ffroccs.hu%2Fsites%2Fdefault%2Ffiles%2Fgoogle%2Fboka-trunovo.kmz&amp;hl=hu&amp;ll=46.299509,13.516788&amp;spn=0.061909,0.169086&amp;sll=46.315636,13.51799&amp;sspn=0.06189,0.169086&amp;t=m&amp;z=13\" target=\"_blank\" rel=\"nofollow noopener\">Google Map<\/a><\/td>\n<td><a href=\"https:\/\/froccs.hu\/wp-content\/uploads\/2021\/06\/boka-trunovo-google.jpg\" target=\"_blank\" rel=\"noopener\">Picture<\/a><\/td>\n<\/tr>\n<tr>\n<td>Otona-Kobarid<\/td>\n<td>WW III-IV This is the most difficult section to paddle safely. This is only recommended for routine rowers and small groups, especially on weekdays<\/td>\n<td>Google Earth<\/td>\n<td><a href=\"http:\/\/maps.google.hu\/maps?q=http:%2F%2Ffroccs.hu%2Fsites%2Fdefault%2Ffiles%2Fgoogle%2Fotona-kobarid.kmz&amp;hl=hu&amp;ll=46.264511,13.569832&amp;spn=0.061948,0.169086&amp;sll=46.299509,13.516788&amp;sspn=0.061909,0.169086&amp;t=m&amp;z=13\" target=\"_blank\" rel=\"nofollow noopener\">Google Map<\/a><\/td>\n<td><a href=\"https:\/\/froccs.hu\/wp-content\/uploads\/2021\/06\/otona-kobarid-google.jpg\" target=\"_blank\" rel=\"noopener\">Picture<\/a><\/td>\n<\/tr>\n<tr>\n<td>Bunkerij-Kobarid<\/td>\n<td>All white water section on the Soca River. <\/td>\n<td>Google Earth<\/td>\n<td><a href=\"http:\/\/maps.google.hu\/maps?q=http:%2F%2Ffroccs.hu%2Fsites%2Fdefault%2Ffiles%2Fgoogle%2Fsoca-szakaszok.kmz&amp;hl=hu&amp;ll=46.295002,13.577385&amp;spn=0.123827,0.338173&amp;sll=46.264511,13.569832&amp;sspn=0.061948,0.169086&amp;t=m&amp;z=12\" target=\"_blank\" rel=\"nofollow noopener\">Google Map<\/a><\/td>\n<td><a href=\"https:\/\/froccs.hu\/wp-content\/uploads\/2021\/06\/soca-szakaszok-google.jpg\" target=\"_blank\" rel=\"noopener\">Picture<\/a><\/td>\n<\/tr>\n<\/tbody>\n<\/table>\n\t\t\t\t\t\t<\/div>\n\t\t\t\t<\/div>\n\t\t\t\t\t<\/div>\n\t\t<\/div>\n\t\t\t\t\t\t\t<\/div>\n\t\t<\/section>\n\t\t\t\t<section class=\"has_eae_slider elementor-section elementor-inner-section elementor-element elementor-element-6a21fb5 elementor-section-boxed elementor-section-height-default elementor-section-height-default\" data-id=\"6a21fb5\" data-element_type=\"section\" id=\"bovec-kornyek\">\n\t\t\t\t\t\t<div class=\"elementor-container elementor-column-gap-default\">\n\t\t\t\t\t<div class=\"has_eae_slider elementor-column elementor-col-100 elementor-inner-column elementor-element elementor-element-c06cef1\" data-id=\"c06cef1\" data-element_type=\"column\">\n\t\t\t<div class=\"elementor-widget-wrap elementor-element-populated\">\n\t\t\t\t\t\t\t\t<div class=\"elementor-element elementor-element-52488b7 elementor-widget elementor-widget-heading\" data-id=\"52488b7\" data-element_type=\"widget\" data-widget_type=\"heading.default\">\n\t\t\t\t<div class=\"elementor-widget-container\">\n\t\t\t<h4 class=\"elementor-heading-title elementor-size-default\">Bovec area with Googel Earth:<\/h4>\t\t<\/div>\n\t\t\t\t<\/div>\n\t\t\t\t<div class=\"elementor-element elementor-element-cfe0faa elementor-widget elementor-widget-text-editor\" data-id=\"cfe0faa\" data-element_type=\"widget\" data-widget_type=\"text-editor.default\">\n\t\t\t\t<div class=\"elementor-widget-container\">\n\t\t\t\t\t\t\t<table border=\"1\" width=\"100%\" cellspacing=\"1\" cellpadding=\"1\">\n<tbody>\n<tr>\n<td>From Tarvisio to our base <\/td>\n<td>Google Earth<\/td>\n<td><a href=\"http:\/\/maps.google.hu\/maps?q=http:%2F%2Ffroccs.hu%2Fsites%2Fdefault%2Ffiles%2Fgoogle%2Ftarvisio-bovec.kmz&amp;hl=hu&amp;ll=46.425552,13.550262&amp;spn=0.247064,0.676346&amp;sll=47.107523,16.402588&amp;sspn=3.903409,10.821533&amp;t=m&amp;z=11\" target=\"_blank\" rel=\"nofollow noopener\">Google Map<\/a><\/td>\n<td><a href=\"https:\/\/froccs.hu\/wp-content\/uploads\/2021\/06\/tarvizio-bazis-google.jpg\" target=\"_blank\" rel=\"noopener\">Picture<\/a><\/td>\n<\/tr>\n<tr>\n<td>Bovec area from Tarvisio <\/td>\n<td>Google Earth<\/td>\n<td><a href=\"http:\/\/maps.google.hu\/maps?q=http:%2F%2Ffroccs.hu%2Fsites%2Fdefault%2Ffiles%2Fgoogle%2Fbazis-bovec.kmz&amp;hl=hu&amp;sll=46.425552,13.550262&amp;sspn=0.247064,0.676346&amp;t=m&amp;z=14\" target=\"_blank\" rel=\"nofollow noopener\">Google Map<\/a><\/td>\n<td><a href=\"https:\/\/froccs.hu\/wp-content\/uploads\/2021\/06\/bovec-bazis-google.jpg\" target=\"_blank\" rel=\"noopener\">Picture<\/a><\/td>\n<\/tr>\n<tr>\n<td>Cezsoca and our base with apartments <\/td>\n<td>Google Earth<\/td>\n<td><a href=\"http:\/\/maps.google.hu\/maps?q=http:%2F%2Ffroccs.hu%2Fsites%2Fdefault%2Ffiles%2Fgoogle%2Fcezsoca.kmz&amp;hl=hu&amp;ll=46.322453,13.550434&amp;spn=0.007735,0.021136&amp;sll=46.331367,13.55484&amp;sspn=0.030936,0.084543&amp;t=m&amp;z=16\" target=\"_blank\" rel=\"nofollow noopener\">Google Map<\/a><\/td>\n<td><a href=\"https:\/\/froccs.hu\/wp-content\/uploads\/2021\/06\/cezsoca-bazis-google.jpg\" target=\"_blank\" rel=\"noopener\">Picture<\/a><\/td>\n<\/tr>\n<tr>\n<td>Bovec area with apartments <\/td>\n<td>Google Earth<\/td>\n<td><a href=\"http:\/\/maps.google.hu\/maps?q=http:%2F%2Ffroccs.hu%2Fsites%2Fdefault%2Ffiles%2Fgoogle%2Fbovec.kmz&amp;hl=hu&amp;ll=46.33484,13.552537&amp;spn=0.015467,0.042272&amp;sll=46.322453,13.550434&amp;sspn=0.007735,0.021136&amp;t=m&amp;z=15\" target=\"_blank\" rel=\"nofollow noopener\">Google Map<\/a><\/td>\n<td><a href=\"https:\/\/froccs.hu\/wp-content\/uploads\/2021\/06\/bovec-google.jpg\" target=\"_blank\" rel=\"noopener\">Picture<\/a><\/td>\n<\/tr>\n<tr>\n<td>All white water section on the Soca River. <\/td>\n<td>Google Earth<\/td>\n<td><a href=\"http:\/\/maps.google.hu\/maps?q=http:%2F%2Ffroccs.hu%2Fsites%2Fdefault%2Ffiles%2Fgoogle%2Fbovec-kornyek-minden.kmz&amp;hl=hu&amp;ll=46.363988,13.583221&amp;spn=0.247343,0.676346&amp;sll=46.33484,13.552537&amp;sspn=0.015467,0.042272&amp;t=m&amp;z=11\" target=\"_blank\" rel=\"nofollow noopener\">Google Map<\/a><\/td>\n<td><a href=\"https:\/\/froccs.hu\/wp-content\/uploads\/2021\/06\/soca-volgy-google.jpg\" target=\"_blank\" rel=\"noopener\">Picture<\/a><\/td>\n<\/tr>\n<\/tbody>\n<\/table>\n\t\t\t\t\t\t<\/div>\n\t\t\t\t<\/div>\n\t\t\t\t<div class=\"elementor-element elementor-element-46f17da elementor-widget elementor-widget-text-editor\" data-id=\"46f17da\" data-element_type=\"widget\" data-widget_type=\"text-editor.default\">\n\t\t\t\t<div class=\"elementor-widget-container\">\n\t\t\t\t\t\t\t<p>We founded our Slovenian company and named Froccs Doo in 2003. We have all necessary licenses to organize and guide a rafting trip.<\/p>\n<p><a href=\"http:\/\/hu.wikipedia.org\/wiki\/Szlov%C3%A9nia\" target=\"_blank\" rel=\"nofollow noopener\">More about Slovenia on Wikipedia<\/a> <br \/><a href=\"http:\/\/hu.wikipedia.org\/wiki\/Bovec\" target=\"_blank\" rel=\"nofollow noopener\">Bovec on Wikipedia<\/a> <br \/><a href=\"http:\/\/www.bovec.si\/\" target=\"_blank\" rel=\"nofollow noopener\">Website of Bovec<\/a><\/p>\n\t\t\t\t\t\t<\/div>\n\t\t\t\t<\/div>\n\t\t\t\t\t<\/div>\n\t\t<\/div>\n\t\t\t\t\t\t\t<\/div>\n\t\t<\/section>\n\t\t\t\t\t<\/div>\n\t\t<\/div>\n\t\t\t\t\t\t\t<\/div>\n\t\t<\/section>\n\t\t\t\t\t\t\t<\/div>\n\t\t","protected":false},"excerpt":{"rendered":"<p>Bovec, Slovenia Bovec and surrounding of the Soca river Address of our base: Industrijska cona 4, Bovec Address of our office: Trg golobarskih \u017ertev 38 5230 Bovec, Slovenia (the opposite side of the Tourist Info Center, on the main square of Bovec. Left hand side in the Rombon apartment house)\u200b The Soca Valley with all [&hellip;]<\/p>\n","protected":false},"author":2,"featured_media":0,"parent":2568,"menu_order":0,"comment_status":"closed","ping_status":"closed","template":"","meta":[],"acf":[],"_links":{"self":[{"href":"https:\/\/froccs.hu\/en\/wp-json\/wp\/v2\/pages\/2590"}],"collection":[{"href":"https:\/\/froccs.hu\/en\/wp-json\/wp\/v2\/pages"}],"about":[{"href":"https:\/\/froccs.hu\/en\/wp-json\/wp\/v2\/types\/page"}],"author":[{"embeddable":true,"href":"https:\/\/froccs.hu\/en\/wp-json\/wp\/v2\/users\/2"}],"replies":[{"embeddable":true,"href":"https:\/\/froccs.hu\/en\/wp-json\/wp\/v2\/comments?post=2590"}],"version-history":[{"count":1,"href":"https:\/\/froccs.hu\/en\/wp-json\/wp\/v2\/pages\/2590\/revisions"}],"predecessor-version":[{"id":3286,"href":"https:\/\/froccs.hu\/en\/wp-json\/wp\/v2\/pages\/2590\/revisions\/3286"}],"up":[{"embeddable":true,"href":"https:\/\/froccs.hu\/en\/wp-json\/wp\/v2\/pages\/2568"}],"wp:attachment":[{"href":"https:\/\/froccs.hu\/en\/wp-json\/wp\/v2\/media?parent=2590"}],"curies":[{"name":"wp","href":"https:\/\/api.w.org\/{rel}","templated":true}]}}