{"id":2602,"date":"2021-07-27T14:13:19","date_gmt":"2021-07-27T12:13:19","guid":{"rendered":"https:\/\/froccs.hu\/impressum\/"},"modified":"2022-06-11T14:10:01","modified_gmt":"2022-06-11T12:10:01","slug":"impressum","status":"publish","type":"page","link":"https:\/\/froccs.hu\/en\/impressum\/","title":{"rendered":"Impressum"},"content":{"rendered":"\t\t<div data-elementor-type=\"wp-page\" data-elementor-id=\"2602\" class=\"elementor elementor-2602 elementor-1415\">\n\t\t\t\t\t\t\t\t\t<section class=\"has_eae_slider elementor-section elementor-top-section elementor-element elementor-element-991ada4 elementor-section-boxed elementor-section-height-default elementor-section-height-default\" data-id=\"991ada4\" data-element_type=\"section\">\n\t\t\t\t\t\t<div class=\"elementor-container elementor-column-gap-default\">\n\t\t\t\t\t<div class=\"has_eae_slider elementor-column elementor-col-50 elementor-top-column elementor-element elementor-element-2839a8a\" data-id=\"2839a8a\" data-element_type=\"column\">\n\t\t\t<div class=\"elementor-widget-wrap elementor-element-populated\">\n\t\t\t\t\t\t\t\t<section class=\"has_eae_slider elementor-section elementor-inner-section elementor-element elementor-element-26c1392 elementor-section-height-min-height elementor-section-boxed elementor-section-height-default\" data-dce-background-overlay-color=\"#0571B9C2\" data-dce-background-image-url=\"https:\/\/froccs.hu\/wp-content\/uploads\/2021\/05\/vadvizi-kenu-9.jpeg\" data-id=\"26c1392\" data-element_type=\"section\" data-settings=\"{&quot;background_background&quot;:&quot;classic&quot;}\">\n\t\t\t\t\t\t\t<div class=\"elementor-background-overlay\"><\/div>\n\t\t\t\t\t\t\t<div class=\"elementor-container elementor-column-gap-default\">\n\t\t\t\t\t<div class=\"has_eae_slider elementor-column elementor-col-100 elementor-inner-column elementor-element elementor-element-1531923\" data-id=\"1531923\" data-element_type=\"column\">\n\t\t\t<div class=\"elementor-widget-wrap elementor-element-populated\">\n\t\t\t\t\t\t\t\t<div class=\"elementor-element elementor-element-508bcd0 elementor-widget elementor-widget-heading\" data-id=\"508bcd0\" data-element_type=\"widget\" data-widget_type=\"heading.default\">\n\t\t\t\t<div class=\"elementor-widget-container\">\n\t\t\t<h1 class=\"elementor-heading-title elementor-size-default\">Impressum<\/h1>\t\t<\/div>\n\t\t\t\t<\/div>\n\t\t\t\t\t<\/div>\n\t\t<\/div>\n\t\t\t\t\t\t\t<\/div>\n\t\t<\/section>\n\t\t\t\t<div class=\"elementor-element elementor-element-5725e63 elementor-widget elementor-widget-text-editor\" data-id=\"5725e63\" data-element_type=\"widget\" data-widget_type=\"text-editor.default\">\n\t\t\t\t<div class=\"elementor-widget-container\">\n\t\t\t\t\t\t\t<p>Citov\u00edz Rafting Kft.<br \/>H-2030 \u00c9rd, Asztalos u 37<br \/>Phone: +36 30 399 7974<br \/>email: <a class=\"spamspan\" href=\"mailto:froccs@froccs.hu\">froccs@froccs.hu<\/a><br \/>\u00fcgyvezet\u0151: Tak\u00e1ts Attila<br \/>F\u0151v\u00e1rosi T\u00f6rv\u00e9nysz\u00e9k C\u00e9gb\u00edr\u00f3s\u00e1ga<br \/>C\u00e9gjegyz\u00e9ksz\u00e1m: Cg. 01-09-665914<br \/>Ad\u00f3sz\u00e1m: 12322527-2-13<br \/>EU ad\u00f3sz\u00e1m: HU12322527<br \/>OTP 11711041-20788063<br \/>SWIFT\/BIC: OTPVHUHB<br \/>IBAN: HU77 11711041-20788063-00000000<\/p>\n\t\t\t\t\t\t<\/div>\n\t\t\t\t<\/div>\n\t\t\t\t\t<\/div>\n\t\t<\/div>\n\t\t\t\t<div class=\"has_eae_slider elementor-column elementor-col-50 elementor-top-column elementor-element elementor-element-36e49fb\" data-id=\"36e49fb\" data-element_type=\"column\">\n\t\t\t<div class=\"elementor-widget-wrap elementor-element-populated\">\n\t\t\t\t\t\t\t\t<div class=\"elementor-element elementor-element-ae18e2c elementor-widget__width-inherit elementor-widget elementor-widget-html\" data-id=\"ae18e2c\" data-element_type=\"widget\" data-widget_type=\"html.default\">\n\t\t\t\t<div class=\"elementor-widget-container\">\n\t\t\t<div class=\"szepkartya\">\n    <img decoding=\"async\" style=\"margin-top:-50px\" src=\"https:\/\/froccs.hu\/wp-content\/uploads\/2021\/05\/szep-kartya-elfogadas.png\" alt=\"SZ\u00c9P k\u00e1rtya elfogad\u00f3hely\">\n    <h6>WE ACCEPT SZ\u00c9CHENYI PIHEN\u0150K\u00c1RTYA<\/h6>\n<\/div>\t\t<\/div>\n\t\t\t\t<\/div>\n\t\t\t\t<div class=\"elementor-element elementor-element-542c439 elementor-widget__width-auto elementor-widget elementor-widget-shortcode\" data-id=\"542c439\" data-element_type=\"widget\" data-widget_type=\"shortcode.default\">\n\t\t\t\t<div class=\"elementor-widget-container\">\n\t\t\t\t\t<div class=\"elementor-shortcode\"><div class=\"ti-widget ti-no-profile-img ti-trip\" data-layout-id=\"23\" data-set-id=\"drop-shadow\" data-pid=\"b5167179c03e50ec942cb\" > <div class=\"ti-widget-container\"> <a href=\"#popup\" class=\"ti-header source-Tripadvisor\" data-subcontent=\"1\" data-subcontent-target=\".ti-popup-widget\" > <div class=\"ti-profile-img\"> <img decoding=\"async\" src=\"https:\/\/media-cdn.tripadvisor.com\/media\/photo-s\/13\/0a\/a3\/25\/rafting-trip-on-the-soca.jpg\" alt=\"Froccs Rafting Club\" \/> <\/div> <div class=\"ti-profile-details\"> <div class=\"ti-name\"> Froccs Rafting Club<\/div> <span class=\"ti-stars\"><span class=\"ti-star f\"><\/span><span class=\"ti-star f\"><\/span><span class=\"ti-star f\"><\/span><span class=\"ti-star f\"><\/span><span class=\"ti-star f\"><\/span><\/span> <div class=\"ti-rating-text\"> <span class=\"nowrap\"><span class=\"underline\">1164 Tripadvisor \u00e9rt\u00e9kel\u00e9s<\/span><\/span> <\/div> <\/div> <\/a> <\/div> <div class=\"ti-popup-widget\"> <div class=\"ti-widget-container\"> <div class=\"ti-header-wrapper\"> <div class=\"ti-header source-Tripadvisor\"> <a href=\"#\" class=\"ti-close-lg\"><\/a> <div class=\"ti-profile-img\"> <img decoding=\"async\" src=\"https:\/\/media-cdn.tripadvisor.com\/media\/photo-s\/13\/0a\/a3\/25\/rafting-trip-on-the-soca.jpg\" alt=\"Froccs Rafting Club\" \/> <\/div> <div class=\"ti-profile-details\"> <div class=\"ti-name\"> Froccs Rafting Club<\/div> <span class=\"ti-stars\"><span class=\"ti-star f\"><\/span><span class=\"ti-star f\"><\/span><span class=\"ti-star f\"><\/span><span class=\"ti-star f\"><\/span><span class=\"ti-star f\"><\/span><\/span> <div class=\"ti-rating-text\"> <span class=\"nowrap\"><strong>1164 Tripadvisor \u00e9rt\u00e9kel\u00e9s<\/strong><\/span> <\/div> <\/div> <\/div> <\/div> <div class=\"ti-reviews-container\"> <div class=\"ti-reviews-container-wrapper\">  <div data-empty=\"0\" class=\"ti-review-item source-Tripadvisor\" > <div class=\"ti-inner\"> <div class=\"ti-review-header\">  <div class=\"ti-profile-details\"> <div class=\"ti-name\"> Anita J <\/div> <div class=\"ti-date\">2022-10-08<\/div> <\/div> <\/div> <span class=\"ti-stars\"><span class=\"ti-star f\"><\/span><span class=\"ti-star f\"><\/span><span class=\"ti-star f\"><\/span><span class=\"ti-star f\"><\/span><span class=\"ti-star f\"><\/span><\/span> <div class=\"ti-review-content\"> <div class=\"ti-inner\"> <!-- R-CONTENT --><strong>-<\/strong>\nZseni\u00e1lis \u00e9lm\u00e9ny \u00e9s mellette nagyon sz\u00f3rakoztat\u00f3, h\u00e1la M\u00e1t\u00e9nak, mindkett\u0151nek \ud83d\ude42 ne f\u00e9ljen senki kipr\u00f3b\u00e1lni!<!-- R-CONTENT --> <\/div> <span class=\"ti-read-more\">Olvass tov\u00e1bb<\/span> <\/div> <\/div> <\/div>  <div data-empty=\"0\" class=\"ti-review-item source-Tripadvisor\" > <div class=\"ti-inner\"> <div class=\"ti-review-header\">  <div class=\"ti-profile-details\"> <div class=\"ti-name\"> Rita J <\/div> <div class=\"ti-date\">2022-10-08<\/div> <\/div> <\/div> <span class=\"ti-stars\"><span class=\"ti-star f\"><\/span><span class=\"ti-star f\"><\/span><span class=\"ti-star f\"><\/span><span class=\"ti-star f\"><\/span><span class=\"ti-star f\"><\/span><\/span> <div class=\"ti-review-content\"> <div class=\"ti-inner\"> <!-- R-CONTENT --><strong>szuper<\/strong>\nSzuper volt, Nagyon kedvesek \u00e9s j\u00f3fejek a sr\u00e1cok is \ud83d\ude42\nNagyon j\u00f3l \u00e9rezt\u00fck magunkat, aj\u00e1nlom mindenkinek.<!-- R-CONTENT --> <\/div> <span class=\"ti-read-more\">Olvass tov\u00e1bb<\/span> <\/div> <\/div> <\/div>  <div data-empty=\"0\" class=\"ti-review-item source-Tripadvisor\" > <div class=\"ti-inner\"> <div class=\"ti-review-header\">  <div class=\"ti-profile-details\"> <div class=\"ti-name\"> Erika N <\/div> <div class=\"ti-date\">2022-10-08<\/div> <\/div> <\/div> <span class=\"ti-stars\"><span class=\"ti-star f\"><\/span><span class=\"ti-star f\"><\/span><span class=\"ti-star f\"><\/span><span class=\"ti-star f\"><\/span><span class=\"ti-star f\"><\/span><\/span> <div class=\"ti-review-content\"> <div class=\"ti-inner\"> <!-- R-CONTENT --><strong>Fr\u00f6ccs<\/strong>\nAz elej\u00e9n kiss\u00e9 f\u00e9ltem, de az els\u0151 borul\u00e1s ut\u00e1n felengedtem. \ud83d\ude42 nagyon j\u00f3 \u00e9lm\u00e9ny volt, b\u00e1rmikor sz\u00edvesen menn\u00e9k \u00fajra \ud83d\ude42<!-- R-CONTENT --> <\/div> <span class=\"ti-read-more\">Olvass tov\u00e1bb<\/span> <\/div> <\/div> <\/div>  <div data-empty=\"0\" class=\"ti-review-item source-Tripadvisor\" > <div class=\"ti-inner\"> <div class=\"ti-review-header\">  <div class=\"ti-profile-details\"> <div class=\"ti-name\"> D\u00e1niel M <\/div> <div class=\"ti-date\">2022-10-08<\/div> <\/div> <\/div> <span class=\"ti-stars\"><span class=\"ti-star f\"><\/span><span class=\"ti-star f\"><\/span><span class=\"ti-star f\"><\/span><span class=\"ti-star f\"><\/span><span class=\"ti-star f\"><\/span><\/span> <div class=\"ti-review-content\"> <div class=\"ti-inner\"> <!-- R-CONTENT --><strong>5 csillag<\/strong>\nNagyon szuper volt!Remek vezet\u00e9ssel \nMindenkinek aj\u00e1nlom!No1\nNagyon aranyosak \u00e9s seg\u00edt\u0151k\u00e9szek a sr\u00e1cok!<!-- R-CONTENT --> <\/div> <span class=\"ti-read-more\">Olvass tov\u00e1bb<\/span> <\/div> <\/div> <\/div>  <div data-empty=\"0\" class=\"ti-review-item source-Tripadvisor\" > <div class=\"ti-inner\"> <div class=\"ti-review-header\">  <div class=\"ti-profile-details\"> <div class=\"ti-name\"> Gabriella K <\/div> <div class=\"ti-date\">2022-10-08<\/div> <\/div> <\/div> <span class=\"ti-stars\"><span class=\"ti-star f\"><\/span><span class=\"ti-star f\"><\/span><span class=\"ti-star f\"><\/span><span class=\"ti-star f\"><\/span><span class=\"ti-star f\"><\/span><\/span> <div class=\"ti-review-content\"> <div class=\"ti-inner\"> <!-- R-CONTENT --><strong>Szuper \u00e9lm\u00e9ny<\/strong>\nSzuper\u00fcl \u00e9rezt\u00fck magunkat,gy\u00f6ny\u00f6r\u0171 t\u00e1j,krist\u00e1lytiszta v\u00edz.M\u00e1t\u00e9\u00e9k nagyon j\u00f3fejek \u00e9s k\u00f6nnyen bomb\u00e1n minket.Mindenkinek k\u00f6telez\u0151 program\u263a\ufe0f\u263a\ufe0f Mindenk\u00e9ppen visszat\u00e9r\u00fcnk m\u00e9g!<!-- R-CONTENT --> <\/div> <span class=\"ti-read-more\">Olvass tov\u00e1bb<\/span> <\/div> <\/div> <\/div>  <div data-empty=\"0\" class=\"ti-review-item source-Tripadvisor\" > <div class=\"ti-inner\"> <div class=\"ti-review-header\">  <div class=\"ti-profile-details\"> <div class=\"ti-name\"> Charlotte S <\/div> <div class=\"ti-date\">2022-10-07<\/div> <\/div> <\/div> <span class=\"ti-stars\"><span class=\"ti-star f\"><\/span><span class=\"ti-star f\"><\/span><span class=\"ti-star f\"><\/span><span class=\"ti-star f\"><\/span><span class=\"ti-star f\"><\/span><\/span> <div class=\"ti-review-content\"> <div class=\"ti-inner\"> <!-- R-CONTENT --><strong>Best Trip ever!<\/strong>\nBest Trip ever! Matti was super nice and explained everything really well and manouvered us through the currents. We were able to go down a selfmade slide into the river, visited the \u201estream of youth\u201c and took awesome pictures! We will definitely come back!<!-- R-CONTENT --> <\/div> <span class=\"ti-read-more\">Olvass tov\u00e1bb<\/span> <\/div> <\/div> <\/div>  <div data-empty=\"0\" class=\"ti-review-item source-Tripadvisor\" > <div class=\"ti-inner\"> <div class=\"ti-review-header\">  <div class=\"ti-profile-details\"> <div class=\"ti-name\"> Zsolt <\/div> <div class=\"ti-date\">2022-10-01<\/div> <\/div> <\/div> <span class=\"ti-stars\"><span class=\"ti-star f\"><\/span><span class=\"ti-star f\"><\/span><span class=\"ti-star f\"><\/span><span class=\"ti-star f\"><\/span><span class=\"ti-star f\"><\/span><\/span> <div class=\"ti-review-content\"> <div class=\"ti-inner\"> <!-- R-CONTENT --><strong>Super<\/strong>\nSzuper csapat! Szuper \u00e9lm\u00e9ny! Szuper szervez\u00e9s! Mindenkinek nagyon aj\u00e1nlom. Gy\u00f6ny\u00f6r\u0171 k\u00f6rnyezet. Visszajovunk!;)<!-- R-CONTENT --> <\/div> <span class=\"ti-read-more\">Olvass tov\u00e1bb<\/span> <\/div> <\/div> <\/div>  <div data-empty=\"0\" class=\"ti-review-item source-Tripadvisor\" > <div class=\"ti-inner\"> <div class=\"ti-review-header\">  <div class=\"ti-profile-details\"> <div class=\"ti-name\"> David <\/div> <div class=\"ti-date\">2022-10-01<\/div> <\/div> <\/div> <span class=\"ti-stars\"><span class=\"ti-star f\"><\/span><span class=\"ti-star f\"><\/span><span class=\"ti-star f\"><\/span><span class=\"ti-star f\"><\/span><span class=\"ti-star f\"><\/span><\/span> <div class=\"ti-review-content\"> <div class=\"ti-inner\"> <!-- R-CONTENT --><strong>Froccs.hu is great<\/strong>\nAmazing team, funny and highly knowledgable. I came here for the second time 10\/10 highly recommend to anyone who would like to try themselves out in rafting, canyoning or any other sports activity they provide<!-- R-CONTENT --> <\/div> <span class=\"ti-read-more\">Olvass tov\u00e1bb<\/span> <\/div> <\/div> <\/div>  <div data-empty=\"0\" class=\"ti-review-item source-Tripadvisor\" > <div class=\"ti-inner\"> <div class=\"ti-review-header\">  <div class=\"ti-profile-details\"> <div class=\"ti-name\"> Gergely K <\/div> <div class=\"ti-date\">2022-09-30<\/div> <\/div> <\/div> <span class=\"ti-stars\"><span class=\"ti-star f\"><\/span><span class=\"ti-star f\"><\/span><span class=\"ti-star f\"><\/span><span class=\"ti-star f\"><\/span><span class=\"ti-star f\"><\/span><\/span> <div class=\"ti-review-content\"> <div class=\"ti-inner\"> <!-- R-CONTENT --><strong>Legjobb v\u00e1laszt\u00e1s<\/strong>\nFantasztikus volt. Nagyon felk\u00e9sz\u00fcltek voltak a t\u00faravezet\u0151k, j\u00f3 hangulatban telt az eg\u00e9sz. Mindenkinek aj\u00e1nlom<!-- R-CONTENT --> <\/div> <span class=\"ti-read-more\">Olvass tov\u00e1bb<\/span> <\/div> <\/div> <\/div>  <div data-empty=\"0\" class=\"ti-review-item source-Tripadvisor\" > <div class=\"ti-inner\"> <div class=\"ti-review-header\">  <div class=\"ti-profile-details\"> <div class=\"ti-name\"> Fadden <\/div> <div class=\"ti-date\">2022-09-26<\/div> <\/div> <\/div> <span class=\"ti-stars\"><span class=\"ti-star f\"><\/span><span class=\"ti-star f\"><\/span><span class=\"ti-star f\"><\/span><span class=\"ti-star f\"><\/span><span class=\"ti-star f\"><\/span><\/span> <div class=\"ti-review-content\"> <div class=\"ti-inner\"> <!-- R-CONTENT --><strong>Beautiful place, professional tour<\/strong>\nFantastic experience, beautiful place!\n\nI honestly recommend to visit and try out.\nVery professional staff and tour guides!\n\nWe will definitely come back again.<!-- R-CONTENT --> <\/div> <span class=\"ti-read-more\">Olvass tov\u00e1bb<\/span> <\/div> <\/div> <\/div>  <\/div> <\/div> <\/div> <\/div> <\/div><\/div>\n\t\t\t\t<\/div>\n\t\t\t\t<\/div>\n\t\t\t\t<div class=\"elementor-element elementor-element-551dfb5 elementor-widget elementor-widget-shortcode\" data-id=\"551dfb5\" data-element_type=\"widget\" data-widget_type=\"shortcode.default\">\n\t\t\t\t<div class=\"elementor-widget-container\">\n\t\t\t\t\t<div class=\"elementor-shortcode\"><div id=\"awe-ajax-awesome-weather-bovec\" class=\"awe-ajax-awesome-weather-bovec awe-weather-ajax-wrap\" style=\"\"><\/div><script type=\"text\/javascript\"> jQuery(document).ready(function() { awe_ajax_load({\"forecast_days\":\"hide\",\"units\":\"C\",\"loader\":\"false\",\"size\":\"micro\",\"custom_bg_color\":\"#fff\",\"inline_style\":\"width:255px;color:#000000!important;text-align:center;border-radius:5px;box-shadow: 1px 1px 7px 0px rgb(0 0 0 \\\/ 15%), 0px 0px 2px 0px rgb(0 0 0 \\\/ 5%);\",\"owm_city_id\":\"3203611\",\"location\":\"Bovec\",\"id\":\"awesome-weather-bovec\",\"ajaxurl\":\"https:\\\/\\\/froccs.hu\\\/wp-admin\\\/admin-ajax.php\",\"via_ajax\":1}); }); <\/script>\n<\/div>\n\t\t\t\t<\/div>\n\t\t\t\t<\/div>\n\t\t\t\t\t<\/div>\n\t\t<\/div>\n\t\t\t\t\t\t\t<\/div>\n\t\t<\/section>\n\t\t\t\t\t\t\t<\/div>\n\t\t","protected":false},"excerpt":{"rendered":"<p>Citov\u00edz Rafting Kft. H-2030 \u00c9rd, Asztalos u 37 Phone: +36 30 399 7974 email: froccs@froccs.hu \u00fcgyvezet\u0151: Tak\u00e1ts Attila F\u0151v\u00e1rosi T\u00f6rv\u00e9nysz\u00e9k C\u00e9gb\u00edr\u00f3s\u00e1ga C\u00e9gjegyz\u00e9ksz\u00e1m: Cg. 01-09-665914 Ad\u00f3sz\u00e1m: 12322527-2-13 EU ad\u00f3sz\u00e1m: HU12322527 OTP 11711041-20788063 SWIFT\/BIC: OTPVHUHB IBAN: HU77 11711041-20788063-00000000 WE ACCEPT SZ\u00c9CHENYI PIHEN\u0150K\u00c1RTYA<\/p>\n","protected":false},"author":2,"featured_media":0,"parent":0,"menu_order":0,"comment_status":"closed","ping_status":"closed","template":"","meta":[],"acf":[],"_links":{"self":[{"href":"https:\/\/froccs.hu\/en\/wp-json\/wp\/v2\/pages\/2602"}],"collection":[{"href":"https:\/\/froccs.hu\/en\/wp-json\/wp\/v2\/pages"}],"about":[{"href":"https:\/\/froccs.hu\/en\/wp-json\/wp\/v2\/types\/page"}],"author":[{"embeddable":true,"href":"https:\/\/froccs.hu\/en\/wp-json\/wp\/v2\/users\/2"}],"replies":[{"embeddable":true,"href":"https:\/\/froccs.hu\/en\/wp-json\/wp\/v2\/comments?post=2602"}],"version-history":[{"count":8,"href":"https:\/\/froccs.hu\/en\/wp-json\/wp\/v2\/pages\/2602\/revisions"}],"predecessor-version":[{"id":3275,"href":"https:\/\/froccs.hu\/en\/wp-json\/wp\/v2\/pages\/2602\/revisions\/3275"}],"wp:attachment":[{"href":"https:\/\/froccs.hu\/en\/wp-json\/wp\/v2\/media?parent=2602"}],"curies":[{"name":"wp","href":"https:\/\/api.w.org\/{rel}","templated":true}]}}