{"id":2612,"date":"2021-07-27T14:19:49","date_gmt":"2021-07-27T12:19:49","guid":{"rendered":"https:\/\/froccs.hu\/vasarlasi-feltetelek\/"},"modified":"2022-06-15T19:22:34","modified_gmt":"2022-06-15T17:22:34","slug":"vasarlasi-feltetelek","status":"publish","type":"page","link":"https:\/\/froccs.hu\/en\/vasarlasi-feltetelek\/","title":{"rendered":"V\u00e1s\u00e1rl\u00e1si felt\u00e9telek"},"content":{"rendered":"\t\t<div data-elementor-type=\"wp-page\" data-elementor-id=\"2612\" class=\"elementor elementor-2612 elementor-1629\">\n\t\t\t\t\t\t\t\t\t<section class=\"has_eae_slider elementor-section elementor-top-section elementor-element elementor-element-1473311 elementor-section-boxed elementor-section-height-default elementor-section-height-default\" data-id=\"1473311\" data-element_type=\"section\">\n\t\t\t\t\t\t<div class=\"elementor-container elementor-column-gap-default\">\n\t\t\t\t\t<div class=\"has_eae_slider elementor-column elementor-col-100 elementor-top-column elementor-element elementor-element-8f265a9\" data-id=\"8f265a9\" data-element_type=\"column\">\n\t\t\t<div class=\"elementor-widget-wrap elementor-element-populated\">\n\t\t\t\t\t\t\t\t<section class=\"has_eae_slider elementor-section elementor-inner-section elementor-element elementor-element-183e4b0 elementor-section-height-min-height elementor-section-boxed elementor-section-height-default\" data-dce-background-overlay-color=\"#0571B9C2\" data-dce-background-image-url=\"https:\/\/froccs.hu\/wp-content\/uploads\/2021\/05\/vadvizi-kenu-9.jpeg\" data-id=\"183e4b0\" data-element_type=\"section\" data-settings=\"{&quot;background_background&quot;:&quot;classic&quot;}\">\n\t\t\t\t\t\t\t<div class=\"elementor-background-overlay\"><\/div>\n\t\t\t\t\t\t\t<div class=\"elementor-container elementor-column-gap-default\">\n\t\t\t\t\t<div class=\"has_eae_slider elementor-column elementor-col-100 elementor-inner-column elementor-element elementor-element-385d895\" data-id=\"385d895\" data-element_type=\"column\">\n\t\t\t<div class=\"elementor-widget-wrap elementor-element-populated\">\n\t\t\t\t\t\t\t\t<div class=\"elementor-element elementor-element-7551743 elementor-widget elementor-widget-heading\" data-id=\"7551743\" data-element_type=\"widget\" data-widget_type=\"heading.default\">\n\t\t\t\t<div class=\"elementor-widget-container\">\n\t\t\t<h1 class=\"elementor-heading-title elementor-size-default\">V\u00e1s\u00e1rl\u00e1si felt\u00e9telek<\/h1>\t\t<\/div>\n\t\t\t\t<\/div>\n\t\t\t\t\t<\/div>\n\t\t<\/div>\n\t\t\t\t\t\t\t<\/div>\n\t\t<\/section>\n\t\t\t\t\t<\/div>\n\t\t<\/div>\n\t\t\t\t\t\t\t<\/div>\n\t\t<\/section>\n\t\t\t\t<section class=\"has_eae_slider elementor-section elementor-top-section elementor-element elementor-element-ff0169e elementor-section-boxed elementor-section-height-default elementor-section-height-default\" data-id=\"ff0169e\" data-element_type=\"section\">\n\t\t\t\t\t\t<div class=\"elementor-container elementor-column-gap-default\">\n\t\t\t\t\t<div class=\"has_eae_slider elementor-column elementor-col-100 elementor-top-column elementor-element elementor-element-b7dfcd6\" data-id=\"b7dfcd6\" data-element_type=\"column\">\n\t\t\t<div class=\"elementor-widget-wrap elementor-element-populated\">\n\t\t\t\t\t\t\t\t<div class=\"elementor-element elementor-element-315fcc1 elementor-widget elementor-widget-text-editor\" data-id=\"315fcc1\" data-element_type=\"widget\" data-widget_type=\"text-editor.default\">\n\t\t\t\t<div class=\"elementor-widget-container\">\n\t\t\t\t\t\t\t<p><strong>1.Szerz\u0151d\u00e9s l\u00e9trej\u00f6tte<\/strong><br \/>A v\u00e1s\u00e1rl\u00f3nak lehet\u0151s\u00e9ge van a programok \u00e9s szolg\u00e1ltat\u00e1sok k\u00f6z\u00fcl a v\u00e1lasztani a felt\u00fcntetett id\u0151pontokban. A kiv\u00e1lasztott program foglal\u00e1s\u00e1val \u00e9s fizet\u00e9s\u00e9vel elfogadja a v\u00e1s\u00e1rl\u00e1si felt\u00e9telekben le\u00edrtakat. Ezzel a v\u00e1s\u00e1rl\u00f3 \u00e9s a szervez\u0151 k\u00f6z\u00f6tt szerz\u0151d\u00e9s j\u00f6n l\u00e9tre az al\u00e1bbi felt\u00e9telek szerint.<\/p>\n<p><strong>2.Meg\u00e1llapod\u00e1s c\u00e9lja<\/strong><br \/>A meg\u00e1llapod\u00e1s c\u00e9lja a szervez\u0151 \u00e1ltal megszervezett programokon val\u00f3 r\u00e9szv\u00e9tel, illetve az \u00e1ltala felk\u00edn\u00e1lt b\u00e9rl\u00e9si szolg\u00e1ltat\u00e1sok ig\u00e9nybev\u00e9tele. A b\u00e9rl\u00e9s vagy program lefoglal\u00e1sa el\u0151re fizet\u00e9ssel t\u00f6rt\u00e9nik mellyel a v\u00e1s\u00e1rl\u00f3 r\u00e9szt k\u00edv\u00e1n venni a v\u00e1lasztott programokon a kiv\u00e1lasztott id\u0151pontban.<\/p>\n<p><strong>3.\u00c1rak<\/strong><br \/>Az \u00e1rak EUROBAN \u00e9rtend\u0151ek \u00e9s minden esetben tartalmazz\u00e1k az \u00c1F\u00c1-t. Az \u00e1r tov\u00e1bb\u00e1 tartalmazza a v\u00e1lasztott programok teljes k\u00f6r\u0171 lebonyol\u00edt\u00e1s\u00e1t, t\u00faravezet\u0151t \u00e9s a sz\u00fcks\u00e9ges felszerel\u00e9sek biztos\u00edt\u00e1s\u00e1t az al\u00e1bbiak szerint:<\/p>\n<p>A vadv\u00edzi programok l\u00e9trej\u00f6tt\u00e9hez sz\u00fcks\u00e9ges speci\u00e1lis felszerel\u00e9seket p\u00e9ld\u00e1ul: neopr\u00e9n cip\u0151, nadr\u00e1g, kab\u00e1t, sisak, \u00fasz\u00e1sseg\u00edt\u0151 mell\u00e9ny, sportol\u00e1shoz sz\u00fcks\u00e9ges eszk\u00f6z\u00f6ket, p\u00e9ld\u00e1ul haj\u00f3 lap\u00e1t, deszka, be\u00fcl\u0151 stb. \u00e9s transzfert aut\u00f3busszal (szabad helyek erej\u00e9ig).<br \/>Ker\u00e9kp\u00e1rb\u00e9rl\u00e9s eset\u00e9n ker\u00e9kp\u00e1r \u00e9s sisak. (t\u00faravezet\u0151t nem!)<br \/>M\u00e9diaszolg\u00e1ltat\u00e1s eset\u00e9n felt\u00f6lt\u00f6tt kamera, \u00e9s sisak r\u00f6gz\u00edt\u0151 f\u00fcllel. (t\u00faravezet\u0151t nem!)<br \/>Zipline programokon a be\u00fcl\u0151t, hevedert, csig\u00e1t, sisakot transzfert.<br \/>Via ferrata b\u00e9rl\u00e9s eset\u00e9n a sisakot, be\u00fcl\u0151t, biztons\u00e1gi hevedert, keszty\u0171t.(t\u00faravezet\u0151t nem!)<\/p>\n<p>Az \u00e1rak nem tartalmazz\u00e1k a kieg\u00e9sz\u00edt\u0151 szolg\u00e1ltat\u00e1sokat, mint p\u00e9ld\u00e1ul biztos\u00edt\u00e1s, videofelv\u00e9tel, vagy f\u00e9nyk\u00e9p k\u00e9sz\u00edt\u00e9se, \u00e9tkez\u00e9s vagy sz\u00e1ll\u00e1s.<\/p>\n<p>Amennyiben a web\u00e1ruh\u00e1zban hiba vagy hi\u00e1nyoss\u00e1g l\u00e9p fel a term\u00e9kekn\u00e9l vagy az \u00e1rakn\u00e1l, fenntartjuk a jogot az ut\u00f3lagos korrekci\u00f3ra. Ilyen esetben a hiba felismer\u00e9se illetve m\u00f3dos\u00edt\u00e1sa ut\u00e1n azonnal t\u00e1j\u00e9koztatjuk a vev\u0151t az \u00faj adatokr\u00f3l. A vev\u0151 ezt k\u00f6vet\u0151en m\u00e9g egyszer meger\u0151s\u00edtheti a megrendel\u00e9st, vagy lehet\u0151s\u00e9ge van arra, hogy b\u00e1rmely f\u00e9l el\u00e1lljon a v\u00e1s\u00e1rl\u00e1st\u00f3l.<\/p>\n<p>Az \u00e1rv\u00e1ltoztat\u00e1s jog\u00e1t a honlapunk foglal\u00e1si rendszer\u00e9ben fenntartjuk.<\/p>\n<p><strong>4.Fizet\u00e9si felt\u00e9telek<\/strong><br \/>\u00c1ruh\u00e1zunkban bankk\u00e1rty\u00e1s fizet\u00e9sre van lehet\u0151s\u00e9g az al\u00e1bbiak szerint:<\/p>\n<p>A t\u00fara megkezd\u00e9se el\u0151tt a lefoglalt programokat ki kell fizetni az al\u00e1bbiak szerint:<br \/>Teljes t\u00farad\u00edjat<br \/>El\u0151leget ahol ez lehets\u00e9ges \u00e9s fel van t\u00fcntetve.<br \/>A fennmarad\u00f3 \u00f6sszeget legk\u00e9s\u0151bb a program megkezd\u00e9s\u00e9ig ki kell egyenl\u00edteni.<\/p>\n<p>A szervez\u0151, el\u0151re fizetett t\u00fara eset\u00e9n el\u00e1llhat a szerz\u0151d\u00e9st\u0151l \u00e9s visszat\u00e9r\u00edtheti a d\u00edjat. Ezen okok a 6. pontban ker\u00fcltek r\u00e9szletez\u00e9sre. A megrendel\u0151 a Trekksoftnak fizeti el\u0151sz\u00f6r a programot, ami egy utaz\u00e1sk\u00f6zvet\u00edt\u0151 szervezet, a Trekksoft ezut\u00e1n fizeti ki az Eurotrekking D.O.O.- nak j\u00e1r\u00f3 \u00f6sszeget. Ez\u00e9rt bankk\u00e1rty\u00e1s fizet\u00e9s eset\u00e9n a Trekksoft jelenik majd meg mint kedvezm\u00e9nyezett.<\/p>\n<p>A kos\u00e1rban ellen\u0151rizheti a foglal\u00e1s d\u00e1tum\u00e1t, id\u0151pontot, l\u00e9tsz\u00e1mot, program t\u00edpus\u00e1t, v\u00e9g\u00f6sszeget, melyet a pay now gombbal \u00e9s a fizet\u00e9ssel v\u00e9gleges\u00edthet.<\/p>\n<p><strong>5.Lemond\u00e1s, szerz\u0151d\u00e9s m\u00f3dos\u00edt\u00e1s a r\u00e9sztvev\u0151 r\u00e9sz\u00e9r\u0151l<\/strong><br \/>A szolg\u00e1ltat\u00e1s a v\u00e1s\u00e1rl\u00f3 adatbeviteli hib\u00e1j\u00e1b\u00f3l ad\u00f3d\u00f3an nem lemondhat\u00f3, visszafizet\u00e9si garancia nincs. Rossz id\u0151 eset\u00e9n es\u0151, sz\u00e9l stb., a programok megtart\u00e1sra ker\u00fclnek. A megrendel\u0151nek lehet\u0151s\u00e9ge van a vouchert egy m\u00e1sik term\u00e9szetes szem\u00e9ly r\u00e9sz\u00e9re \u00e1truh\u00e1zni vagy a r\u00e9szv\u00e9teli id\u0151pontot m\u00f3dos\u00edtani, de ezt k\u00f6telez\u0151 jelezni a program el\u0151tt 48 \u00f3r\u00e1val az al\u00e1bbi email c\u00edmen: <a class=\"spamspan\" href=\"mailto:froccs@froccs.hu\">froccs@froccs.hu<\/a>.<\/p>\n<p>A lemond\u00e1snak vagy m\u00f3dos\u00edt\u00e1snak \u00edr\u00e1sban kell t\u00f6rt\u00e9nnie. A lemond\u00e1s csak azut\u00e1n \u00e9rv\u00e9nyes, hogy a megrendel\u0151 a szervez\u0151vel egyeztet.<\/p>\n<p>Az \u00f6sszes megkapott dokumentumot: visszaigazol\u00e1s, kupon, stb. csatolni kell \u00e9s vissza kell k\u00fcldeni a szervez\u0151nek.<\/p>\n<p>Teljes lemond\u00e1skor, az al\u00e1bbi sz\u00e1zal\u00e9kok ker\u00fclnek felsz\u00e1m\u00edt\u00e1sra a szervez\u0151 r\u00e9sz\u00e9re:<\/p>\n<p>Csoportos (t\u00f6bb mint 8 r\u00e9sztvev\u0151):<br \/>10-20 nappal a program el\u0151tt \u2013 30%<br \/>2-9 nappal a program el\u0151tt \u2013 75%<br \/>1 nappal a program el\u0151tt, vagy nem megjelen\u00e9s eset\u00e9n \u2013 100%<\/p>\n<p>R\u00e9szeleges lemond\u00e1skor (csoportokn\u00e1l a l\u00e9tsz\u00e1m cs\u00f6kken\u00e9se eset\u00e9n) az al\u00e1bbi sz\u00e1zal\u00e9kok ker\u00fclnek felsz\u00e1m\u00edt\u00e1sra a szervez\u0151 r\u00e9sz\u00e9re:<br \/>2 \u2013 9 nappal a program el\u0151tt \u2013 30%<br \/>2 vagy kevesebb nappal a program el\u0151tt \u2013 100%<\/p>\n<p>Egy\u00e9nileg (8 f\u0151 alatt):<br \/>10-2 nappal a program el\u0151tt \u2013 75%<br \/>2 vagy kevesebb nappal a t\u00fara el\u0151tt \u2013 100%<\/p>\n<p>Ha a v\u00e1s\u00e1rl\u00f3 k\u00e9sik, a szervez\u0151 nem tud visszat\u00e9r\u00edt\u00e9s adni.<br \/>A k\u00e9s\u00e9s vagy id\u0151pont m\u00f3dos\u00edt\u00e1s extra k\u00f6lts\u00e9get jelenthet.<\/p>\n<p><strong>6.Lemond\u00e1s, szerz\u0151d\u00e9s m\u00f3dos\u00edt\u00e1s a szervez\u0151 r\u00e9sz\u00e9r\u0151l<\/strong><br \/>A szervez\u0151 \u00e1ltal a sportprogramok, szolg\u00e1ltat\u00e1sok lemondhat\u00f3ak amennyiben a sportol\u00e1st ellehetetlen\u00edt\u0151 term\u00e9szeti k\u00f6r\u00fclm\u00e9nyek j\u00f6nnek l\u00e9tre, \u00e1rad\u00f3 foly\u00f3, er\u0151s vill\u00e1ml\u00e1s, f\u00f6ldcsuszaml\u00e1s, f\u00f6ldreng\u00e9s stb. A szervez\u0151 a biztons\u00e1gi kock\u00e1zatokat felm\u00e9rve a fenti esetekben a t\u00far\u00e1t t\u00f6r\u00f6lheti, majd a megrendel\u0151vel egyeztetve \u00e1tteheti egy m\u00e1sik id\u0151pontra ha az megfelel mindk\u00e9t f\u00e9l sz\u00e1m\u00e1ra, amennyiben a szolg\u00e1ltat\u00e1s a fenti okokb\u00f3l nem j\u00f6n l\u00e9tre,a v\u00e1s\u00e1rl\u00f3 a szolg\u00e1ltat\u00e1st lemondhatja, ezut\u00e1n a szolg\u00e1ltat\u00f3 a r\u00e9szv\u00e9teli d\u00edjat, k\u00e9szp\u00e9nzben vagy \u00e1tutal\u00e1ssal k\u00f6teles visszafizetni a v\u00e1s\u00e1rl\u00f3nak 48 \u00f3r\u00e1n bel\u00fcl.<\/p>\n<p><strong>7.R\u00e9szv\u00e9teli felt\u00e9telek<\/strong><br \/>A megrendel\u0151 kijelenti, hogy ismeri az extr\u00e9m sportok vesz\u00e9lyeit \u00e9s saj\u00e1t felel\u0151ss\u00e9gre vesz r\u00e9szt azokon, tov\u00e1bb\u00e1 hogy a sportprogramok idej\u00e9n nem \u00e1ll alkoholos vagy drogos befoly\u00e1solts\u00e1g alatt \u00e9s \u00fasz\u00e1stud\u00e1ssal rendelkezik. Tov\u00e1bb\u00e1 nem \u00e1ll az \u00e1ltalunk k\u00edn\u00e1lt sportokb\u00f3l kiz\u00e1r\u00f3 eg\u00e9szs\u00e9gi \u00e1llapotban pl. nem sz\u00edvbeteg, t\u00fcd\u0151beteg, stb\u2026 A programokon terhes n\u0151k r\u00e9szv\u00e9tele szigor\u00faan tilos! A programokon a korhat\u00e1r 6-90 \u00e9v. Amennyiben a fentieknek a r\u00e9sztvev\u0151 nem felel meg, kiz\u00e1rhat\u00f3 a sportprogramok r\u00e9szv\u00e9tel\u00e9b\u0151l. A r\u00e9sztvev\u0151 beleegyezik abba, hogy amennyiben a t\u00far\u00e1n m\u00e9diaanyag k\u00e9sz\u00fcl, azt a szolg\u00e1ltat\u00f3 marketing vagy saj\u00e1t c\u00e9lra azt felhaszn\u00e1lhatja.<\/p>\n<p><strong>8.Biztos\u00edt\u00e1s<\/strong><br \/>A v\u00e1s\u00e1rl\u00f3 tiszt\u00e1ban van azzal, hogy a honlapon v\u00e1laszthat\u00f3 programok \u00e9s b\u00e9rl\u00e9sek \u00e1rai nem tartalmaz biztos\u00edt\u00e1st, \u00edgy azt mag\u00e1nak kell megk\u00f6tnie a t\u00fara el\u0151tt.<\/p>\n<p><strong>9.Felel\u0151ss\u00e9g<\/strong><br \/>A r\u00e9sztvev\u0151 kijelenti, hogy a programokon saj\u00e1t felel\u0151ss\u00e9g\u00e9re vesz r\u00e9szt, betartja a t\u00faravezet\u0151k utas\u00edt\u00e1sait, \u00e9s amennyiben ennek nem tesz eleget azonnal kiz\u00e1rhat\u00f3 a programokb\u00f3l.<\/p>\n<p><strong>10.Ir\u00e1nyad\u00f3 jog<\/strong><br \/>A v\u00e1s\u00e1rl\u00e1si felt\u00e9telekben nem felt\u00fcntetett szab\u00e1lyok \u00e9s jogok kapcs\u00e1n a szlov\u00e9n jog alkalmaz\u00e1sa az ir\u00e1nyad\u00f3.<\/p>\n<p><strong>11.Visszaigazol\u00e1s<\/strong><br \/>A megrendel\u00e9st k\u00f6vet\u0151en a rendszer automatikus e-mailt k\u00fcld, melyben visszaigazoljuk a foglal\u00e1st \u00e9s le\u00edrjuk a r\u00e9szleteket. Amennyiben tov\u00e1bbi inform\u00e1ci\u00f3ra van sz\u00fcks\u00e9ge e-mailben vagy telefonon \u00e9rdekl\u0151dhet el\u00e9rhet\u0151s\u00e9geinken a felt\u00fcntetett el\u00e9rhet\u0151s\u00e9geken.<\/p>\n<p><strong>12.Adatbeviteli hib\u00e1k jav\u00edt\u00e1sa<\/strong><br \/>Az websopban l\u00e9v\u0151 esetleges el\u00edr\u00e1sok\u00e9rt, hib\u00e1k\u00e9rt nem v\u00e1llalunk felel\u0151ss\u00e9get.<\/p>\n<p>C\u00e9g\u00fcnk a v\u00e1ltoztat\u00e1s jog\u00e1t fenntartja.<\/p>\n\t\t\t\t\t\t<\/div>\n\t\t\t\t<\/div>\n\t\t\t\t\t<\/div>\n\t\t<\/div>\n\t\t\t\t\t\t\t<\/div>\n\t\t<\/section>\n\t\t\t\t\t\t\t<\/div>\n\t\t","protected":false},"excerpt":{"rendered":"<p>1.Szerz\u0151d\u00e9s l\u00e9trej\u00f6tte A v\u00e1s\u00e1rl\u00f3nak lehet\u0151s\u00e9ge van a programok \u00e9s szolg\u00e1ltat\u00e1sok k\u00f6z\u00fcl a v\u00e1lasztani a felt\u00fcntetett id\u0151pontokban. A kiv\u00e1lasztott program foglal\u00e1s\u00e1val \u00e9s fizet\u00e9s\u00e9vel elfogadja a v\u00e1s\u00e1rl\u00e1si felt\u00e9telekben le\u00edrtakat. Ezzel a v\u00e1s\u00e1rl\u00f3 \u00e9s a szervez\u0151 k\u00f6z\u00f6tt szerz\u0151d\u00e9s j\u00f6n l\u00e9tre az al\u00e1bbi felt\u00e9telek szerint. 2.Meg\u00e1llapod\u00e1s c\u00e9lja A meg\u00e1llapod\u00e1s c\u00e9lja a szervez\u0151 \u00e1ltal megszervezett programokon val\u00f3 r\u00e9szv\u00e9tel, illetve az [&hellip;]<\/p>\n","protected":false},"author":2,"featured_media":0,"parent":0,"menu_order":0,"comment_status":"closed","ping_status":"closed","template":"","meta":[],"acf":[],"_links":{"self":[{"href":"https:\/\/froccs.hu\/en\/wp-json\/wp\/v2\/pages\/2612"}],"collection":[{"href":"https:\/\/froccs.hu\/en\/wp-json\/wp\/v2\/pages"}],"about":[{"href":"https:\/\/froccs.hu\/en\/wp-json\/wp\/v2\/types\/page"}],"author":[{"embeddable":true,"href":"https:\/\/froccs.hu\/en\/wp-json\/wp\/v2\/users\/2"}],"replies":[{"embeddable":true,"href":"https:\/\/froccs.hu\/en\/wp-json\/wp\/v2\/comments?post=2612"}],"version-history":[{"count":1,"href":"https:\/\/froccs.hu\/en\/wp-json\/wp\/v2\/pages\/2612\/revisions"}],"predecessor-version":[{"id":3298,"href":"https:\/\/froccs.hu\/en\/wp-json\/wp\/v2\/pages\/2612\/revisions\/3298"}],"wp:attachment":[{"href":"https:\/\/froccs.hu\/en\/wp-json\/wp\/v2\/media?parent=2612"}],"curies":[{"name":"wp","href":"https:\/\/api.w.org\/{rel}","templated":true}]}}