{"id":2724,"date":"2021-07-28T19:43:44","date_gmt":"2021-07-28T17:43:44","guid":{"rendered":"https:\/\/froccs.hu\/team-building\/"},"modified":"2022-06-15T20:06:46","modified_gmt":"2022-06-15T18:06:46","slug":"team-building","status":"publish","type":"page","link":"https:\/\/froccs.hu\/en\/team-building\/","title":{"rendered":"Team building"},"content":{"rendered":"\t\t<div data-elementor-type=\"wp-page\" data-elementor-id=\"2724\" class=\"elementor elementor-2724 elementor-39\">\n\t\t\t\t\t\t\t\t\t<section class=\"has_eae_slider elementor-section elementor-top-section elementor-element elementor-element-2a7924b elementor-section-height-min-height elementor-section-boxed elementor-section-height-default elementor-section-items-middle\" data-dce-background-image-url=\"https:\/\/froccs.hu\/wp-content\/uploads\/2021\/06\/extrem-csapatepites.jpg\" data-id=\"2a7924b\" data-element_type=\"section\" data-settings=\"{&quot;background_background&quot;:&quot;classic&quot;}\">\n\t\t\t\t\t\t\t<div class=\"elementor-background-overlay\"><\/div>\n\t\t\t\t\t\t\t<div class=\"elementor-container elementor-column-gap-default\">\n\t\t\t\t\t<div class=\"has_eae_slider elementor-column elementor-col-100 elementor-top-column elementor-element elementor-element-e5a3143\" data-id=\"e5a3143\" data-element_type=\"column\">\n\t\t\t<div class=\"elementor-widget-wrap elementor-element-populated\">\n\t\t\t\t\t\t\t\t<div class=\"elementor-element elementor-element-dbfd7e2 elementor-widget elementor-widget-heading\" data-id=\"dbfd7e2\" data-element_type=\"widget\" data-widget_type=\"heading.default\">\n\t\t\t\t<div class=\"elementor-widget-container\">\n\t\t\t<h1 class=\"elementor-heading-title elementor-size-xxl\">Team building<\/h1>\t\t<\/div>\n\t\t\t\t<\/div>\n\t\t\t\t<div class=\"elementor-element elementor-element-aeefc92 elementor-widget-divider--view-line elementor-widget elementor-widget-divider\" data-id=\"aeefc92\" data-element_type=\"widget\" data-widget_type=\"divider.default\">\n\t\t\t\t<div class=\"elementor-widget-container\">\n\t\t\t\t\t<div class=\"elementor-divider\">\n\t\t\t<span class=\"elementor-divider-separator\">\n\t\t\t\t\t\t<\/span>\n\t\t<\/div>\n\t\t\t\t<\/div>\n\t\t\t\t<\/div>\n\t\t\t\t\t<\/div>\n\t\t<\/div>\n\t\t\t\t\t\t\t<\/div>\n\t\t<\/section>\n\t\t\t\t<section class=\"has_eae_slider elementor-section elementor-top-section elementor-element elementor-element-ad172eb elementor-section-boxed elementor-section-height-default elementor-section-height-default\" data-id=\"ad172eb\" data-element_type=\"section\">\n\t\t\t\t\t\t<div class=\"elementor-container elementor-column-gap-no\">\n\t\t\t\t\t<div class=\"has_eae_slider elementor-column elementor-col-100 elementor-top-column elementor-element elementor-element-c64dce6\" data-id=\"c64dce6\" data-element_type=\"column\">\n\t\t\t<div class=\"elementor-widget-wrap elementor-element-populated\">\n\t\t\t\t\t\t\t\t<div class=\"elementor-element elementor-element-0030b1c elementor-widget elementor-widget-text-editor\" data-id=\"0030b1c\" data-element_type=\"widget\" data-widget_type=\"text-editor.default\">\n\t\t\t\t<div class=\"elementor-widget-container\">\n\t\t\t\t\t\t\t<p>With our outdoor team building programs, we want to provide active relaxation, special memories and extreme team building challenges to your team, so the personal relationships, team spirit and trust among the colleagues can be strengthened. The adventurous outdoor team building training has a playful atmosphere and exciting activities while the guests complete the tasks of the day.<\/p>\n<p>The adventurous outdoor team building training has a playful atmosphere and exciting activities while the guests complete the tasks of the day.<\/p>\n<p>Our extreme team building training programs also deepens personal relationships and community feeling, as it gets people out of their everyday routine and fulfills them with energy through unexpected situations. The extreme experience also help the partakers solve everyday challenges with more flexibility.<\/p>\n<p>A csapaton bel\u00fcli bizalmi szintet egy csapat\u00e9p\u00edt\u0151 \u00e9lm\u00e9nyprogram, a csapat teljes\u00edtm\u00e9ny\u00e9t pedig a csapat\u00e9p\u00edt\u0151 tr\u00e9ning emeli.<\/p>\n\t\t\t\t\t\t<\/div>\n\t\t\t\t<\/div>\n\t\t\t\t\t<\/div>\n\t\t<\/div>\n\t\t\t\t\t\t\t<\/div>\n\t\t<\/section>\n\t\t\t\t<section class=\"has_eae_slider elementor-section elementor-top-section elementor-element elementor-element-019bf1d elementor-section-height-min-height elementor-section-items-stretch elementor-reverse-mobile elementor-section-boxed elementor-section-height-default\" data-id=\"019bf1d\" data-element_type=\"section\">\n\t\t\t\t\t\t<div class=\"elementor-container elementor-column-gap-no\">\n\t\t\t\t\t<div class=\"has_eae_slider elementor-column elementor-col-50 elementor-top-column elementor-element elementor-element-57525ab\" data-dce-background-color=\"#FFFFFF\" data-id=\"57525ab\" data-element_type=\"column\" data-settings=\"{&quot;background_background&quot;:&quot;classic&quot;}\">\n\t\t\t<div class=\"elementor-widget-wrap elementor-element-populated\">\n\t\t\t\t\t\t\t\t<div class=\"elementor-element elementor-element-04d2cca elementor-widget elementor-widget-heading\" data-id=\"04d2cca\" data-element_type=\"widget\" data-widget_type=\"heading.default\">\n\t\t\t\t<div class=\"elementor-widget-container\">\n\t\t\t<h3 class=\"elementor-heading-title elementor-size-default\">Csapat\u00e9p\u00edt\u0151 tr\u00e9ning<\/h3>\t\t<\/div>\n\t\t\t\t<\/div>\n\t\t\t\t<div class=\"elementor-element elementor-element-adee6df elementor-widget elementor-widget-text-editor\" data-id=\"adee6df\" data-element_type=\"widget\" data-widget_type=\"text-editor.default\">\n\t\t\t\t<div class=\"elementor-widget-container\">\n\t\t\t\t\t\t\t<p>A csapat\u00e9p\u00edt\u0151 tr\u00e9ning l\u00e9nyege az egy\u00e9nek \u201ecsapatj\u00e1t\u00e9koss\u00e1 val\u00f3 k\u00e9pz\u00e9se\u201d, ami a mindennapi gyakorlatokt\u00f3l elt\u00e9r\u0151, szokatlan, \u00fajszer\u0171 feladatok seg\u00edts\u00e9g\u00e9vel, egy szakk\u00e9pzett tr\u00e9ner vezet\u00e9s\u00e9vel t\u00f6rt\u00e9nik. A csapat\u00e9p\u00edt\u0151 tr\u00e9ning az egy\u00fcttes fejleszt\u00e9st, vagyis a r\u00e9sztvev\u0151k k\u00f6z\u00f6tti g\u00f6rd\u00fcl\u00e9kenyebb kommunik\u00e1ci\u00f3t, hat\u00e9konyabb egy\u00fcttm\u0171k\u00f6d\u00e9st val\u00f3s\u00edtja meg. A csapat\u00e9p\u00edt\u00e9s k\u00e9t fajt\u00e1j\u00e1t k\u00fcl\u00f6nb\u00f6ztetj\u00fck meg aszerint, hogy k\u00fclt\u00e9ren (outdoor csapat\u00e9p\u00edt\u0151 tr\u00e9ning), vagy belt\u00e9ren (indoor csapat\u00e9p\u00edt\u0151 tr\u00e9ning) bonyol\u00edtjuk le.<\/p>\n<p>A csapat\u00e9p\u00edt\u0151 tr\u00e9ning \u00e1ltal fejlesztett f\u0151bb k\u00e9szs\u00e9gek, ter\u00fcletek: alkalmazkod\u00e1s egym\u00e1shoz, bizalom\u00e9p\u00edt\u00e9s, kommunik\u00e1ci\u00f3, egy\u00fcttm\u0171k\u00f6d\u00e9s, motiv\u00e1ci\u00f3, d\u00f6nt\u00e9shozatal, konfliktuskezel\u00e9s, id\u0151gazd\u00e1lkod\u00e1s, stresszes helyezetek kezel\u00e9se, vezet\u0151i k\u00e9szs\u00e9gfejleszt\u00e9s.<\/p>\n\t\t\t\t\t\t<\/div>\n\t\t\t\t<\/div>\n\t\t\t\t\t<\/div>\n\t\t<\/div>\n\t\t\t\t<div class=\"has_eae_slider elementor-column elementor-col-50 elementor-top-column elementor-element elementor-element-72341db\" data-dce-background-image-url=\"https:\/\/froccs.hu\/wp-content\/uploads\/2021\/06\/outdoor-csapatepites.jpg\" data-id=\"72341db\" data-element_type=\"column\" data-settings=\"{&quot;background_background&quot;:&quot;classic&quot;}\">\n\t\t\t<div class=\"elementor-widget-wrap elementor-element-populated\">\n\t\t\t\t\t\t\t\t<div class=\"elementor-element elementor-element-ab4b0f8 elementor-widget elementor-widget-spacer\" data-id=\"ab4b0f8\" data-element_type=\"widget\" data-widget_type=\"spacer.default\">\n\t\t\t\t<div class=\"elementor-widget-container\">\n\t\t\t\t\t<div class=\"elementor-spacer\">\n\t\t\t<div class=\"elementor-spacer-inner\"><\/div>\n\t\t<\/div>\n\t\t\t\t<\/div>\n\t\t\t\t<\/div>\n\t\t\t\t\t<\/div>\n\t\t<\/div>\n\t\t\t\t\t\t\t<\/div>\n\t\t<\/section>\n\t\t\t\t<section class=\"has_eae_slider elementor-section elementor-top-section elementor-element elementor-element-c4ef664 elementor-section-height-min-height elementor-section-items-stretch elementor-reverse-mobile elementor-section-boxed elementor-section-height-default\" data-id=\"c4ef664\" data-element_type=\"section\">\n\t\t\t\t\t\t<div class=\"elementor-container elementor-column-gap-no\">\n\t\t\t\t\t<div class=\"has_eae_slider elementor-column elementor-col-50 elementor-top-column elementor-element elementor-element-e26584e\" data-dce-background-image-url=\"https:\/\/froccs.hu\/wp-content\/uploads\/2021\/06\/csapatepites.jpg\" data-id=\"e26584e\" data-element_type=\"column\" data-settings=\"{&quot;background_background&quot;:&quot;classic&quot;}\">\n\t\t\t<div class=\"elementor-widget-wrap elementor-element-populated\">\n\t\t\t\t\t\t\t\t<div class=\"elementor-element elementor-element-c2e6abd elementor-widget elementor-widget-spacer\" data-id=\"c2e6abd\" data-element_type=\"widget\" data-widget_type=\"spacer.default\">\n\t\t\t\t<div class=\"elementor-widget-container\">\n\t\t\t\t\t<div class=\"elementor-spacer\">\n\t\t\t<div class=\"elementor-spacer-inner\"><\/div>\n\t\t<\/div>\n\t\t\t\t<\/div>\n\t\t\t\t<\/div>\n\t\t\t\t\t<\/div>\n\t\t<\/div>\n\t\t\t\t<div class=\"has_eae_slider elementor-column elementor-col-50 elementor-top-column elementor-element elementor-element-e00cb0d\" data-dce-background-color=\"#FFFFFF\" data-id=\"e00cb0d\" data-element_type=\"column\" data-settings=\"{&quot;background_background&quot;:&quot;classic&quot;}\">\n\t\t\t<div class=\"elementor-widget-wrap elementor-element-populated\">\n\t\t\t\t\t\t\t\t<div class=\"elementor-element elementor-element-ac00b89 elementor-widget elementor-widget-heading\" data-id=\"ac00b89\" data-element_type=\"widget\" data-widget_type=\"heading.default\">\n\t\t\t\t<div class=\"elementor-widget-container\">\n\t\t\t<h3 class=\"elementor-heading-title elementor-size-default\">Outdoor csapat\u00e9p\u00edt\u00e9s<\/h3>\t\t<\/div>\n\t\t\t\t<\/div>\n\t\t\t\t<div class=\"elementor-element elementor-element-ba807bf elementor-widget elementor-widget-text-editor\" data-id=\"ba807bf\" data-element_type=\"widget\" data-widget_type=\"text-editor.default\">\n\t\t\t\t<div class=\"elementor-widget-container\">\n\t\t\t\t\t\t\t<p>A v\u00e1llalkoz\u00f3bb szellem\u0171eket megannyi \u201eer\u0151pr\u00f3ba\u201d \u00e9s kaland v\u00e1rja, ha outdoor csapat\u00e9p\u00edt\u0151 tr\u00e9ningjeink k\u00f6z\u00fcl v\u00e1lasztanak \u2013 erd\u0151ben, hegyen, v\u00edzben vagy \u00e9pp a v\u00e1ros eldugott kis utc\u00e1in \u2013 biztosan nem fog senki unatkozni a j\u00e1t\u00e9kok sor\u00e1n!<\/p>\n\t\t\t\t\t\t<\/div>\n\t\t\t\t<\/div>\n\t\t\t\t\t<\/div>\n\t\t<\/div>\n\t\t\t\t\t\t\t<\/div>\n\t\t<\/section>\n\t\t\t\t<section class=\"has_eae_slider elementor-section elementor-top-section elementor-element elementor-element-a03ca3e elementor-section-height-min-height elementor-section-items-stretch elementor-section-boxed elementor-section-height-default\" data-id=\"a03ca3e\" data-element_type=\"section\">\n\t\t\t\t\t\t<div class=\"elementor-container elementor-column-gap-no\">\n\t\t\t\t\t<div class=\"has_eae_slider elementor-column elementor-col-50 elementor-top-column elementor-element elementor-element-9a5bb45\" data-dce-background-color=\"#FFFFFF\" data-id=\"9a5bb45\" data-element_type=\"column\" data-settings=\"{&quot;background_background&quot;:&quot;classic&quot;}\">\n\t\t\t<div class=\"elementor-widget-wrap elementor-element-populated\">\n\t\t\t\t\t\t\t\t<div class=\"elementor-element elementor-element-d004d6e elementor-widget elementor-widget-heading\" data-id=\"d004d6e\" data-element_type=\"widget\" data-widget_type=\"heading.default\">\n\t\t\t\t<div class=\"elementor-widget-container\">\n\t\t\t<h3 class=\"elementor-heading-title elementor-size-default\">Extr\u00e9m csapat\u00e9p\u00edt\u00e9s<\/h3>\t\t<\/div>\n\t\t\t\t<\/div>\n\t\t\t\t<div class=\"elementor-element elementor-element-46bd054 elementor-widget elementor-widget-text-editor\" data-id=\"46bd054\" data-element_type=\"widget\" data-widget_type=\"text-editor.default\">\n\t\t\t\t<div class=\"elementor-widget-container\">\n\t\t\t\t\t\t\t<p>Extrovert\u00e1lt, gyors, feladatmegold\u00f3 szem\u00e9lyeknek \u00e9s csapatoknak extr\u00e9m kih\u00edv\u00e1sok \u00e9s er\u0151t pr\u00f3b\u00e1l\u00f3 j\u00e1t\u00e9kok kellenek. \u00c9rt\u00e9kes\u00edt\u0151 csapatok \u00e9s c\u00e9gvezet\u00e9sek tucatjai vettek r\u00e9szt a kalandban b\u0151velked\u0151 hazai \u00e9s k\u00fclf\u00f6ldi \u201cadventure\u201d (vagy m\u00e1s sz\u00f3val: extr\u00e9m csapat\u00e9p\u00edt\u00e9s) programjainkon. Az adrenalinszintet fokoz\u00f3 \u00e9lm\u00e9nyprogramok eml\u00e9kei bev\u00e9s\u0151dnek a mem\u00f3ri\u00e1ba, \u00e9vekig besz\u00e9lgetnek a konyh\u00e1ban a koll\u00e9g\u00e1k az extr\u00e9m csapat\u00e9p\u00edt\u00e9s adta eml\u00e9kekr\u0151l, tapasztalatokr\u00f3l. A vonal m\u00e1sik v\u00e9g\u00e9n l\u00e9v\u0151 hangb\u00f3l CSAPATT\u00c1RS lesz, aki, ha kell, egy neh\u00e9z pillanatban befut \u00e9rted a t\u0171zvonalba.<\/p>\n<p>Mi kombin\u00e1ljuk a rafting h\u00e9tv\u00e9g\u00e9t \u00e9s a csapat\u00e9p\u00edt\u0151 tr\u00e9ning elemeket. K\u00e9rd egyedi aj\u00e1nlatunkat!<\/p>\n\t\t\t\t\t\t<\/div>\n\t\t\t\t<\/div>\n\t\t\t\t\t<\/div>\n\t\t<\/div>\n\t\t\t\t<div class=\"has_eae_slider elementor-column elementor-col-50 elementor-top-column elementor-element elementor-element-b2751d1\" data-dce-background-image-url=\"https:\/\/froccs.hu\/wp-content\/uploads\/2021\/06\/extrem-csapatepites.jpg\" data-id=\"b2751d1\" data-element_type=\"column\" data-settings=\"{&quot;background_background&quot;:&quot;classic&quot;}\">\n\t\t\t<div class=\"elementor-widget-wrap elementor-element-populated\">\n\t\t\t\t\t\t\t\t<div class=\"elementor-element elementor-element-2ec9074 elementor-widget elementor-widget-spacer\" data-id=\"2ec9074\" data-element_type=\"widget\" data-widget_type=\"spacer.default\">\n\t\t\t\t<div class=\"elementor-widget-container\">\n\t\t\t\t\t<div class=\"elementor-spacer\">\n\t\t\t<div class=\"elementor-spacer-inner\"><\/div>\n\t\t<\/div>\n\t\t\t\t<\/div>\n\t\t\t\t<\/div>\n\t\t\t\t\t<\/div>\n\t\t<\/div>\n\t\t\t\t\t\t\t<\/div>\n\t\t<\/section>\n\t\t\t\t\t\t\t<\/div>\n\t\t","protected":false},"excerpt":{"rendered":"<p>Team building With our outdoor team building programs, we want to provide active relaxation, special memories and extreme team building challenges to your team, so the personal relationships, team spirit and trust among the colleagues can be strengthened. The adventurous outdoor team building training has a playful atmosphere and exciting activities while the guests complete [&hellip;]<\/p>\n","protected":false},"author":2,"featured_media":0,"parent":0,"menu_order":0,"comment_status":"closed","ping_status":"closed","template":"","meta":[],"acf":[],"_links":{"self":[{"href":"https:\/\/froccs.hu\/en\/wp-json\/wp\/v2\/pages\/2724"}],"collection":[{"href":"https:\/\/froccs.hu\/en\/wp-json\/wp\/v2\/pages"}],"about":[{"href":"https:\/\/froccs.hu\/en\/wp-json\/wp\/v2\/types\/page"}],"author":[{"embeddable":true,"href":"https:\/\/froccs.hu\/en\/wp-json\/wp\/v2\/users\/2"}],"replies":[{"embeddable":true,"href":"https:\/\/froccs.hu\/en\/wp-json\/wp\/v2\/comments?post=2724"}],"version-history":[{"count":1,"href":"https:\/\/froccs.hu\/en\/wp-json\/wp\/v2\/pages\/2724\/revisions"}],"predecessor-version":[{"id":3310,"href":"https:\/\/froccs.hu\/en\/wp-json\/wp\/v2\/pages\/2724\/revisions\/3310"}],"wp:attachment":[{"href":"https:\/\/froccs.hu\/en\/wp-json\/wp\/v2\/media?parent=2724"}],"curies":[{"name":"wp","href":"https:\/\/api.w.org\/{rel}","templated":true}]}}