{"id":2740,"date":"2021-07-28T19:56:34","date_gmt":"2021-07-28T17:56:34","guid":{"rendered":"https:\/\/froccs.hu\/useful-information\/equipment\/"},"modified":"2022-06-16T11:32:16","modified_gmt":"2022-06-16T09:32:16","slug":"equipment","status":"publish","type":"page","link":"https:\/\/froccs.hu\/en\/useful-information\/equipment\/","title":{"rendered":"Equipment"},"content":{"rendered":"\t\t<div data-elementor-type=\"wp-page\" data-elementor-id=\"2740\" class=\"elementor elementor-2740 elementor-1281\">\n\t\t\t\t\t\t\t\t\t<section class=\"has_eae_slider elementor-section elementor-top-section elementor-element elementor-element-c70cdb6 elementor-section-boxed elementor-section-height-default elementor-section-height-default\" data-id=\"c70cdb6\" data-element_type=\"section\">\n\t\t\t\t\t\t<div class=\"elementor-container elementor-column-gap-default\">\n\t\t\t\t\t<div class=\"has_eae_slider elementor-column elementor-col-50 elementor-top-column elementor-element elementor-element-2249d09\" data-id=\"2249d09\" data-element_type=\"column\">\n\t\t\t<div class=\"elementor-widget-wrap elementor-element-populated\">\n\t\t\t\t\t\t\t\t<section class=\"has_eae_slider elementor-section elementor-inner-section elementor-element elementor-element-b8e2d4b elementor-section-height-min-height elementor-section-boxed elementor-section-height-default\" data-dce-background-overlay-color=\"#0571B9C2\" data-dce-background-image-url=\"https:\/\/froccs.hu\/wp-content\/uploads\/2021\/05\/vadvizi-kenu-9.jpeg\" data-id=\"b8e2d4b\" data-element_type=\"section\" data-settings=\"{&quot;background_background&quot;:&quot;classic&quot;}\">\n\t\t\t\t\t\t\t<div class=\"elementor-background-overlay\"><\/div>\n\t\t\t\t\t\t\t<div class=\"elementor-container elementor-column-gap-default\">\n\t\t\t\t\t<div class=\"has_eae_slider elementor-column elementor-col-100 elementor-inner-column elementor-element elementor-element-f9a696c\" data-id=\"f9a696c\" data-element_type=\"column\">\n\t\t\t<div class=\"elementor-widget-wrap elementor-element-populated\">\n\t\t\t\t\t\t\t\t<div class=\"elementor-element elementor-element-6f7015a elementor-widget elementor-widget-heading\" data-id=\"6f7015a\" data-element_type=\"widget\" data-widget_type=\"heading.default\">\n\t\t\t\t<div class=\"elementor-widget-container\">\n\t\t\t<h1 class=\"elementor-heading-title elementor-size-default\">Equipment<\/h1>\t\t<\/div>\n\t\t\t\t<\/div>\n\t\t\t\t\t<\/div>\n\t\t<\/div>\n\t\t\t\t\t\t\t<\/div>\n\t\t<\/section>\n\t\t\t\t<div class=\"elementor-element elementor-element-47a9b8d elementor-widget elementor-widget-text-editor\" data-id=\"47a9b8d\" data-element_type=\"widget\" data-widget_type=\"text-editor.default\">\n\t\t\t\t<div class=\"elementor-widget-container\">\n\t\t\t\t\t\t\t<p>Whitewater activities can not be imagined without a special neoprene wetsuit. These clothes have two very important duties: they protect from the cold water and hypothermia, and also guarantee protection against smaller bruises and cuts.<br \/>The wetsuit itself if about 3-4 mm thick and made of a rubber-like material, which has small, micro pores filled with air. Don\u2019t be fooled though: they are not waterproof! This special material lets water in and also retains it, so the water stuck inside the wetsuit takes over our body heat and keeps us warm. Under the neoprene, we recommend wearing only a swimsuit.<br \/>An important accessory is the shoes, which are also made of neoprene and have strengthened soles.<\/p>\n<p>The most important task of the helmet is the protection of the head. Also, we have to highlight two areas: the temple and the back of the neck. An injury to any of these body parts, without the helmet, can be life threatening. This risk of this can be fully eliminated<br \/>by wearing the helmet properly. A good helmet is stable, it doesn\u2019t move side-to-side and not lastly: its color matches your personality! :))&#8221;<\/p>\n<p>The life vest is probably the most important protective gear, as it protects your life directly. You can\u2019t swim in whitewater, because there are boulders and rapids, which can cause serious injuries. The life vest allows the guest to swim to shore or get back in the boat after falling into the river. What is a good life vest like? First of all, it\u2019s made for extreme sports (not sailing of surfing) and its buoyancy is bigger than its flatwater counterparts. Secondly, it should have a vivid color and should be the right size.<\/p>\n<p>The type of boats you can find while whitewater rafting are the following:<br \/>the rafts and the trekking\/outsider boats. The rafts are made for 4-12 people, who are sitting on both sides of the boat, and the guide is stirring the boat while sitting in the very back. anyone has seen a boat like this, they know: this is not an easy task!<br \/>Trekking\/Outsider boats: The other kind of boats are suitable for 2-4 people. The most important difference to rafts is that these are more narrow, as the people are sitting behind each other with bent knees. Of course, you can also choose to have a guide sitting in the back of the boat.<\/p>\n\t\t\t\t\t\t<\/div>\n\t\t\t\t<\/div>\n\t\t\t\t<div class=\"elementor-element elementor-element-15c2acb elementor-widget elementor-widget-text-editor\" data-id=\"15c2acb\" data-element_type=\"widget\" data-widget_type=\"text-editor.default\">\n\t\t\t\t<div class=\"elementor-widget-container\">\n\t\t\t\t\t\t\t<p>It might seem strange at first, but the paddle also belongs to the group of protective gears, and it also fulfills its primary job. With the paddle, you can keep away the rocks and other hurdles. Also, if the boat loses balance, the paddle helps regain it. Because of this, the whitewater paddles are made of stronger materials than its flatwater counterparts.<br \/>Of course, we don\u2019t only use it for paddling: you can splash your friends with it!<\/p>\n\t\t\t\t\t\t<\/div>\n\t\t\t\t<\/div>\n\t\t\t\t\t<\/div>\n\t\t<\/div>\n\t\t\t\t<div class=\"has_eae_slider elementor-column elementor-col-50 elementor-top-column elementor-element elementor-element-b5acffc\" data-id=\"b5acffc\" data-element_type=\"column\">\n\t\t\t<div class=\"elementor-widget-wrap elementor-element-populated\">\n\t\t\t\t\t\t\t\t<div class=\"elementor-element elementor-element-a94c6d1 elementor-widget__width-inherit elementor-widget elementor-widget-html\" data-id=\"a94c6d1\" data-element_type=\"widget\" data-widget_type=\"html.default\">\n\t\t\t\t<div class=\"elementor-widget-container\">\n\t\t\t<div class=\"szepkartya\">\n    <img decoding=\"async\" style=\"margin-top:-50px\" src=\"https:\/\/froccs.hu\/wp-content\/uploads\/2021\/05\/szep-kartya-elfogadas.png\" alt=\"SZ\u00c9P k\u00e1rtya elfogad\u00f3hely\">\n    <h6>We accept Sz\u00e9chenyi Pihen\u0151k\u00e1rtya<\/h6>\n<\/div>\t\t<\/div>\n\t\t\t\t<\/div>\n\t\t\t\t<div class=\"elementor-element elementor-element-a293917 elementor-widget__width-auto elementor-widget elementor-widget-shortcode\" data-id=\"a293917\" data-element_type=\"widget\" data-widget_type=\"shortcode.default\">\n\t\t\t\t<div class=\"elementor-widget-container\">\n\t\t\t\t\t<div class=\"elementor-shortcode\"><div class=\"ti-widget ti-no-profile-img ti-trip\" data-layout-id=\"23\" data-set-id=\"drop-shadow\" data-pid=\"b5167179c03e50ec942cb\" > <div class=\"ti-widget-container\"> <a href=\"#popup\" class=\"ti-header source-Tripadvisor\" data-subcontent=\"1\" data-subcontent-target=\".ti-popup-widget\" > <div class=\"ti-profile-img\"> <img decoding=\"async\" src=\"https:\/\/media-cdn.tripadvisor.com\/media\/photo-s\/13\/0a\/a3\/25\/rafting-trip-on-the-soca.jpg\" alt=\"Froccs Rafting Club\" \/> <\/div> <div class=\"ti-profile-details\"> <div class=\"ti-name\"> Froccs Rafting Club<\/div> <span class=\"ti-stars\"><span class=\"ti-star f\"><\/span><span class=\"ti-star f\"><\/span><span class=\"ti-star f\"><\/span><span class=\"ti-star f\"><\/span><span class=\"ti-star f\"><\/span><\/span> <div class=\"ti-rating-text\"> <span class=\"nowrap\"><span class=\"underline\">1164 Tripadvisor \u00e9rt\u00e9kel\u00e9s<\/span><\/span> <\/div> <\/div> <\/a> <\/div> <div class=\"ti-popup-widget\"> <div class=\"ti-widget-container\"> <div class=\"ti-header-wrapper\"> <div class=\"ti-header source-Tripadvisor\"> <a href=\"#\" class=\"ti-close-lg\"><\/a> <div class=\"ti-profile-img\"> <img decoding=\"async\" src=\"https:\/\/media-cdn.tripadvisor.com\/media\/photo-s\/13\/0a\/a3\/25\/rafting-trip-on-the-soca.jpg\" alt=\"Froccs Rafting Club\" \/> <\/div> <div class=\"ti-profile-details\"> <div class=\"ti-name\"> Froccs Rafting Club<\/div> <span class=\"ti-stars\"><span class=\"ti-star f\"><\/span><span class=\"ti-star f\"><\/span><span class=\"ti-star f\"><\/span><span class=\"ti-star f\"><\/span><span class=\"ti-star f\"><\/span><\/span> <div class=\"ti-rating-text\"> <span class=\"nowrap\"><strong>1164 Tripadvisor \u00e9rt\u00e9kel\u00e9s<\/strong><\/span> <\/div> <\/div> <\/div> <\/div> <div class=\"ti-reviews-container\"> <div class=\"ti-reviews-container-wrapper\">  <div data-empty=\"0\" class=\"ti-review-item source-Tripadvisor\" > <div class=\"ti-inner\"> <div class=\"ti-review-header\">  <div class=\"ti-profile-details\"> <div class=\"ti-name\"> Anita J <\/div> <div class=\"ti-date\">2022-10-08<\/div> <\/div> <\/div> <span class=\"ti-stars\"><span class=\"ti-star f\"><\/span><span class=\"ti-star f\"><\/span><span class=\"ti-star f\"><\/span><span class=\"ti-star f\"><\/span><span class=\"ti-star f\"><\/span><\/span> <div class=\"ti-review-content\"> <div class=\"ti-inner\"> <!-- R-CONTENT --><strong>-<\/strong>\nZseni\u00e1lis \u00e9lm\u00e9ny \u00e9s mellette nagyon sz\u00f3rakoztat\u00f3, h\u00e1la M\u00e1t\u00e9nak, mindkett\u0151nek \ud83d\ude42 ne f\u00e9ljen senki kipr\u00f3b\u00e1lni!<!-- R-CONTENT --> <\/div> <span class=\"ti-read-more\">Olvass tov\u00e1bb<\/span> <\/div> <\/div> <\/div>  <div data-empty=\"0\" class=\"ti-review-item source-Tripadvisor\" > <div class=\"ti-inner\"> <div class=\"ti-review-header\">  <div class=\"ti-profile-details\"> <div class=\"ti-name\"> Rita J <\/div> <div class=\"ti-date\">2022-10-08<\/div> <\/div> <\/div> <span class=\"ti-stars\"><span class=\"ti-star f\"><\/span><span class=\"ti-star f\"><\/span><span class=\"ti-star f\"><\/span><span class=\"ti-star f\"><\/span><span class=\"ti-star f\"><\/span><\/span> <div class=\"ti-review-content\"> <div class=\"ti-inner\"> <!-- R-CONTENT --><strong>szuper<\/strong>\nSzuper volt, Nagyon kedvesek \u00e9s j\u00f3fejek a sr\u00e1cok is \ud83d\ude42\nNagyon j\u00f3l \u00e9rezt\u00fck magunkat, aj\u00e1nlom mindenkinek.<!-- R-CONTENT --> <\/div> <span class=\"ti-read-more\">Olvass tov\u00e1bb<\/span> <\/div> <\/div> <\/div>  <div data-empty=\"0\" class=\"ti-review-item source-Tripadvisor\" > <div class=\"ti-inner\"> <div class=\"ti-review-header\">  <div class=\"ti-profile-details\"> <div class=\"ti-name\"> Erika N <\/div> <div class=\"ti-date\">2022-10-08<\/div> <\/div> <\/div> <span class=\"ti-stars\"><span class=\"ti-star f\"><\/span><span class=\"ti-star f\"><\/span><span class=\"ti-star f\"><\/span><span class=\"ti-star f\"><\/span><span class=\"ti-star f\"><\/span><\/span> <div class=\"ti-review-content\"> <div class=\"ti-inner\"> <!-- R-CONTENT --><strong>Fr\u00f6ccs<\/strong>\nAz elej\u00e9n kiss\u00e9 f\u00e9ltem, de az els\u0151 borul\u00e1s ut\u00e1n felengedtem. \ud83d\ude42 nagyon j\u00f3 \u00e9lm\u00e9ny volt, b\u00e1rmikor sz\u00edvesen menn\u00e9k \u00fajra \ud83d\ude42<!-- R-CONTENT --> <\/div> <span class=\"ti-read-more\">Olvass tov\u00e1bb<\/span> <\/div> <\/div> <\/div>  <div data-empty=\"0\" class=\"ti-review-item source-Tripadvisor\" > <div class=\"ti-inner\"> <div class=\"ti-review-header\">  <div class=\"ti-profile-details\"> <div class=\"ti-name\"> D\u00e1niel M <\/div> <div class=\"ti-date\">2022-10-08<\/div> <\/div> <\/div> <span class=\"ti-stars\"><span class=\"ti-star f\"><\/span><span class=\"ti-star f\"><\/span><span class=\"ti-star f\"><\/span><span class=\"ti-star f\"><\/span><span class=\"ti-star f\"><\/span><\/span> <div class=\"ti-review-content\"> <div class=\"ti-inner\"> <!-- R-CONTENT --><strong>5 csillag<\/strong>\nNagyon szuper volt!Remek vezet\u00e9ssel \nMindenkinek aj\u00e1nlom!No1\nNagyon aranyosak \u00e9s seg\u00edt\u0151k\u00e9szek a sr\u00e1cok!<!-- R-CONTENT --> <\/div> <span class=\"ti-read-more\">Olvass tov\u00e1bb<\/span> <\/div> <\/div> <\/div>  <div data-empty=\"0\" class=\"ti-review-item source-Tripadvisor\" > <div class=\"ti-inner\"> <div class=\"ti-review-header\">  <div class=\"ti-profile-details\"> <div class=\"ti-name\"> Gabriella K <\/div> <div class=\"ti-date\">2022-10-08<\/div> <\/div> <\/div> <span class=\"ti-stars\"><span class=\"ti-star f\"><\/span><span class=\"ti-star f\"><\/span><span class=\"ti-star f\"><\/span><span class=\"ti-star f\"><\/span><span class=\"ti-star f\"><\/span><\/span> <div class=\"ti-review-content\"> <div class=\"ti-inner\"> <!-- R-CONTENT --><strong>Szuper \u00e9lm\u00e9ny<\/strong>\nSzuper\u00fcl \u00e9rezt\u00fck magunkat,gy\u00f6ny\u00f6r\u0171 t\u00e1j,krist\u00e1lytiszta v\u00edz.M\u00e1t\u00e9\u00e9k nagyon j\u00f3fejek \u00e9s k\u00f6nnyen bomb\u00e1n minket.Mindenkinek k\u00f6telez\u0151 program\u263a\ufe0f\u263a\ufe0f Mindenk\u00e9ppen visszat\u00e9r\u00fcnk m\u00e9g!<!-- R-CONTENT --> <\/div> <span class=\"ti-read-more\">Olvass tov\u00e1bb<\/span> <\/div> <\/div> <\/div>  <div data-empty=\"0\" class=\"ti-review-item source-Tripadvisor\" > <div class=\"ti-inner\"> <div class=\"ti-review-header\">  <div class=\"ti-profile-details\"> <div class=\"ti-name\"> Charlotte S <\/div> <div class=\"ti-date\">2022-10-07<\/div> <\/div> <\/div> <span class=\"ti-stars\"><span class=\"ti-star f\"><\/span><span class=\"ti-star f\"><\/span><span class=\"ti-star f\"><\/span><span class=\"ti-star f\"><\/span><span class=\"ti-star f\"><\/span><\/span> <div class=\"ti-review-content\"> <div class=\"ti-inner\"> <!-- R-CONTENT --><strong>Best Trip ever!<\/strong>\nBest Trip ever! Matti was super nice and explained everything really well and manouvered us through the currents. We were able to go down a selfmade slide into the river, visited the \u201estream of youth\u201c and took awesome pictures! We will definitely come back!<!-- R-CONTENT --> <\/div> <span class=\"ti-read-more\">Olvass tov\u00e1bb<\/span> <\/div> <\/div> <\/div>  <div data-empty=\"0\" class=\"ti-review-item source-Tripadvisor\" > <div class=\"ti-inner\"> <div class=\"ti-review-header\">  <div class=\"ti-profile-details\"> <div class=\"ti-name\"> Zsolt <\/div> <div class=\"ti-date\">2022-10-01<\/div> <\/div> <\/div> <span class=\"ti-stars\"><span class=\"ti-star f\"><\/span><span class=\"ti-star f\"><\/span><span class=\"ti-star f\"><\/span><span class=\"ti-star f\"><\/span><span class=\"ti-star f\"><\/span><\/span> <div class=\"ti-review-content\"> <div class=\"ti-inner\"> <!-- R-CONTENT --><strong>Super<\/strong>\nSzuper csapat! Szuper \u00e9lm\u00e9ny! Szuper szervez\u00e9s! Mindenkinek nagyon aj\u00e1nlom. Gy\u00f6ny\u00f6r\u0171 k\u00f6rnyezet. Visszajovunk!;)<!-- R-CONTENT --> <\/div> <span class=\"ti-read-more\">Olvass tov\u00e1bb<\/span> <\/div> <\/div> <\/div>  <div data-empty=\"0\" class=\"ti-review-item source-Tripadvisor\" > <div class=\"ti-inner\"> <div class=\"ti-review-header\">  <div class=\"ti-profile-details\"> <div class=\"ti-name\"> David <\/div> <div class=\"ti-date\">2022-10-01<\/div> <\/div> <\/div> <span class=\"ti-stars\"><span class=\"ti-star f\"><\/span><span class=\"ti-star f\"><\/span><span class=\"ti-star f\"><\/span><span class=\"ti-star f\"><\/span><span class=\"ti-star f\"><\/span><\/span> <div class=\"ti-review-content\"> <div class=\"ti-inner\"> <!-- R-CONTENT --><strong>Froccs.hu is great<\/strong>\nAmazing team, funny and highly knowledgable. I came here for the second time 10\/10 highly recommend to anyone who would like to try themselves out in rafting, canyoning or any other sports activity they provide<!-- R-CONTENT --> <\/div> <span class=\"ti-read-more\">Olvass tov\u00e1bb<\/span> <\/div> <\/div> <\/div>  <div data-empty=\"0\" class=\"ti-review-item source-Tripadvisor\" > <div class=\"ti-inner\"> <div class=\"ti-review-header\">  <div class=\"ti-profile-details\"> <div class=\"ti-name\"> Gergely K <\/div> <div class=\"ti-date\">2022-09-30<\/div> <\/div> <\/div> <span class=\"ti-stars\"><span class=\"ti-star f\"><\/span><span class=\"ti-star f\"><\/span><span class=\"ti-star f\"><\/span><span class=\"ti-star f\"><\/span><span class=\"ti-star f\"><\/span><\/span> <div class=\"ti-review-content\"> <div class=\"ti-inner\"> <!-- R-CONTENT --><strong>Legjobb v\u00e1laszt\u00e1s<\/strong>\nFantasztikus volt. Nagyon felk\u00e9sz\u00fcltek voltak a t\u00faravezet\u0151k, j\u00f3 hangulatban telt az eg\u00e9sz. Mindenkinek aj\u00e1nlom<!-- R-CONTENT --> <\/div> <span class=\"ti-read-more\">Olvass tov\u00e1bb<\/span> <\/div> <\/div> <\/div>  <div data-empty=\"0\" class=\"ti-review-item source-Tripadvisor\" > <div class=\"ti-inner\"> <div class=\"ti-review-header\">  <div class=\"ti-profile-details\"> <div class=\"ti-name\"> Fadden <\/div> <div class=\"ti-date\">2022-09-26<\/div> <\/div> <\/div> <span class=\"ti-stars\"><span class=\"ti-star f\"><\/span><span class=\"ti-star f\"><\/span><span class=\"ti-star f\"><\/span><span class=\"ti-star f\"><\/span><span class=\"ti-star f\"><\/span><\/span> <div class=\"ti-review-content\"> <div class=\"ti-inner\"> <!-- R-CONTENT --><strong>Beautiful place, professional tour<\/strong>\nFantastic experience, beautiful place!\n\nI honestly recommend to visit and try out.\nVery professional staff and tour guides!\n\nWe will definitely come back again.<!-- R-CONTENT --> <\/div> <span class=\"ti-read-more\">Olvass tov\u00e1bb<\/span> <\/div> <\/div> <\/div>  <\/div> <\/div> <\/div> <\/div> <\/div><\/div>\n\t\t\t\t<\/div>\n\t\t\t\t<\/div>\n\t\t\t\t<div class=\"elementor-element elementor-element-7b4392e elementor-widget elementor-widget-shortcode\" data-id=\"7b4392e\" data-element_type=\"widget\" data-widget_type=\"shortcode.default\">\n\t\t\t\t<div class=\"elementor-widget-container\">\n\t\t\t\t\t<div class=\"elementor-shortcode\"><div id=\"awe-ajax-awesome-weather-bovec\" class=\"awe-ajax-awesome-weather-bovec awe-weather-ajax-wrap\" style=\"\"><\/div><script type=\"text\/javascript\"> jQuery(document).ready(function() { awe_ajax_load({\"forecast_days\":\"hide\",\"units\":\"C\",\"loader\":\"false\",\"size\":\"micro\",\"custom_bg_color\":\"#fff\",\"inline_style\":\"width:255px;color:#000000!important;text-align:center;border-radius:5px;box-shadow: 1px 1px 7px 0px rgb(0 0 0 \\\/ 15%), 0px 0px 2px 0px rgb(0 0 0 \\\/ 5%);\",\"owm_city_id\":\"3203611\",\"location\":\"Bovec\",\"id\":\"awesome-weather-bovec\",\"ajaxurl\":\"https:\\\/\\\/froccs.hu\\\/wp-admin\\\/admin-ajax.php\",\"via_ajax\":1}); }); <\/script>\n<\/div>\n\t\t\t\t<\/div>\n\t\t\t\t<\/div>\n\t\t\t\t\t<\/div>\n\t\t<\/div>\n\t\t\t\t\t\t\t<\/div>\n\t\t<\/section>\n\t\t\t\t<section class=\"has_eae_slider elementor-section elementor-top-section elementor-element elementor-element-3ab3567 elementor-section-boxed elementor-section-height-default elementor-section-height-default\" data-id=\"3ab3567\" data-element_type=\"section\">\n\t\t\t\t\t\t<div class=\"elementor-container elementor-column-gap-default\">\n\t\t\t\t\t<div class=\"has_eae_slider elementor-column elementor-col-100 elementor-top-column elementor-element elementor-element-c9cea51\" data-id=\"c9cea51\" data-element_type=\"column\">\n\t\t\t<div class=\"elementor-widget-wrap\">\n\t\t\t\t\t\t\t\t\t<\/div>\n\t\t<\/div>\n\t\t\t\t\t\t\t<\/div>\n\t\t<\/section>\n\t\t\t\t\t\t\t<\/div>\n\t\t","protected":false},"excerpt":{"rendered":"<p>Whitewater activities can not be imagined without a special neoprene wetsuit. These clothes have two very important duties: they protect from the cold water and hypothermia, and also guarantee protection against smaller bruises and cuts.The wetsuit itself if about 3-4 mm thick and made of a rubber-like material, which has small, micro pores filled with [&hellip;]<\/p>\n","protected":false},"author":2,"featured_media":0,"parent":2568,"menu_order":0,"comment_status":"closed","ping_status":"closed","template":"","meta":[],"acf":[],"_links":{"self":[{"href":"https:\/\/froccs.hu\/en\/wp-json\/wp\/v2\/pages\/2740"}],"collection":[{"href":"https:\/\/froccs.hu\/en\/wp-json\/wp\/v2\/pages"}],"about":[{"href":"https:\/\/froccs.hu\/en\/wp-json\/wp\/v2\/types\/page"}],"author":[{"embeddable":true,"href":"https:\/\/froccs.hu\/en\/wp-json\/wp\/v2\/users\/2"}],"replies":[{"embeddable":true,"href":"https:\/\/froccs.hu\/en\/wp-json\/wp\/v2\/comments?post=2740"}],"version-history":[{"count":7,"href":"https:\/\/froccs.hu\/en\/wp-json\/wp\/v2\/pages\/2740\/revisions"}],"predecessor-version":[{"id":3259,"href":"https:\/\/froccs.hu\/en\/wp-json\/wp\/v2\/pages\/2740\/revisions\/3259"}],"up":[{"embeddable":true,"href":"https:\/\/froccs.hu\/en\/wp-json\/wp\/v2\/pages\/2568"}],"wp:attachment":[{"href":"https:\/\/froccs.hu\/en\/wp-json\/wp\/v2\/media?parent=2740"}],"curies":[{"name":"wp","href":"https:\/\/api.w.org\/{rel}","templated":true}]}}